{"id":17120,"date":"2022-09-15T20:02:52","date_gmt":"2022-09-15T20:02:52","guid":{"rendered":"http:\/\/alikurtsoy.com\/?page_id=17120"},"modified":"2022-10-08T18:57:25","modified_gmt":"2022-10-08T18:57:25","slug":"malign-tumorler","status":"publish","type":"page","link":"https:\/\/www.alikurtsoy.com\/index.php\/malign-tumorler\/","title":{"rendered":"Malign T\u00fcm\u00f6rler"},"content":{"rendered":"\t\t<div data-elementor-type=\"wp-page\" data-elementor-id=\"17120\" class=\"elementor elementor-17120\">\n\t\t\t\t\t\t\t\t\t<section class=\"elementor-section elementor-top-section elementor-element elementor-element-2128b22 elementor-section-boxed elementor-section-height-default elementor-section-height-default\" data-id=\"2128b22\" data-element_type=\"section\">\n\t\t\t\t\t\t<div class=\"elementor-container elementor-column-gap-default\">\n\t\t\t\t\t<div class=\"elementor-column elementor-col-100 elementor-top-column elementor-element elementor-element-2f41ca6\" data-id=\"2f41ca6\" data-element_type=\"column\">\n\t\t\t<div class=\"elementor-widget-wrap elementor-element-populated\">\n\t\t\t\t\t\t\t\t<div class=\"elementor-element elementor-element-9479dc7 elementor-widget elementor-widget-section-title\" data-id=\"9479dc7\" data-element_type=\"widget\" data-widget_type=\"section-title.default\">\n\t\t\t\t<div class=\"elementor-widget-container\">\n\t\t\t<div class=\"pt-section pt-style-1 text-center\">\r\n\t\t\r\n   \t\t   \t\t\t   <h5 class=\"pt-section-title\" >Malign T\u00fcm\u00f6rler<\/h5>\r\n\t\t\t\r\n<\/div>\t\t<\/div>\n\t\t\t\t<\/div>\n\t\t\t\t\t<\/div>\n\t\t<\/div>\n\t\t\t\t\t\t\t<\/div>\n\t\t<\/section>\n\t\t\t\t<section class=\"elementor-section elementor-top-section elementor-element elementor-element-6761663 elementor-section-boxed elementor-section-height-default elementor-section-height-default\" data-id=\"6761663\" data-element_type=\"section\">\n\t\t\t\t\t\t<div class=\"elementor-container elementor-column-gap-default\">\n\t\t\t\t\t<div class=\"elementor-column elementor-col-66 elementor-top-column elementor-element elementor-element-c64d3b4\" data-id=\"c64d3b4\" data-element_type=\"column\">\n\t\t\t<div class=\"elementor-widget-wrap elementor-element-populated\">\n\t\t\t\t\t\t\t\t<div class=\"elementor-element elementor-element-3fb7e6c elementor-widget elementor-widget-text-editor\" data-id=\"3fb7e6c\" data-element_type=\"widget\" data-widget_type=\"text-editor.default\">\n\t\t\t\t<div class=\"elementor-widget-container\">\n\t\t\t<style>\/*! elementor - v3.17.0 - 08-11-2023 *\/\n.elementor-widget-text-editor.elementor-drop-cap-view-stacked .elementor-drop-cap{background-color:#69727d;color:#fff}.elementor-widget-text-editor.elementor-drop-cap-view-framed .elementor-drop-cap{color:#69727d;border:3px solid;background-color:transparent}.elementor-widget-text-editor:not(.elementor-drop-cap-view-default) .elementor-drop-cap{margin-top:8px}.elementor-widget-text-editor:not(.elementor-drop-cap-view-default) .elementor-drop-cap-letter{width:1em;height:1em}.elementor-widget-text-editor .elementor-drop-cap{float:left;text-align:center;line-height:1;font-size:50px}.elementor-widget-text-editor .elementor-drop-cap-letter{display:inline-block}<\/style>\t\t\t\t<p><!-- wp:paragraph --><\/p>\n<p><!-- \/wp:paragraph --><!-- wp:heading --><\/p>\n<p><strong><!-- \/wp:heading --><!-- wp:list {\"ordered\":true} --><\/strong><\/p>\n<ol>\n<li><strong>Multiple miyeloma<\/strong><\/li>\n<\/ol>\n<p>Plazma h\u00fccrelerinin malign t\u00fcm\u00f6r\u00fc olan multipl miyeloma (MM), eri\u015fkinlerde en s\u0131k g\u00f6r\u00fclen malign kemik t\u00fcm\u00f6r\u00fcd\u00fcr. Erkeklerde daha s\u0131k g\u00f6r\u00fclen MM, 5 ve 6. dekatta klinik verir. Hastalarda birlikte b\u00f6brek yetmezli\u011fi ve sistemik amiloidozis bulunabilir. Sedimantasyon h\u0131z\u0131 y\u00fckselmi\u015ftir ve protein elektroforezi bozulmu\u015ftur. Klasik Bence-Jones protein\u00fcr\u00fcsi hastalar\u0131n ancak %50\u2019nde tespit edilebilir. Radyolojik olarak tutulan vertebra korpusu osteopeniktir. G\u00fcve yeni\u011fi tarz\u0131nda litik lezyonlar vard\u0131r. Kosta ve kraniyum grafilerinde z\u0131mba ile delinme \u015feklinde litik noktac\u0131klar olabilir<\/p>\n<ol start=\"2\">\n<li><strong>Kordoma<\/strong><\/li>\n<\/ol>\n<p>N\u00fckleus pulpozus veya notokord art\u0131klar\u0131ndan k\u00f6ken alan bu t\u00fcm\u00f6r en \u00e7ok kafa kaidesi ve sakrumda g\u00f6r\u00fclmekle birlikte, vertebral kolonun her yerinde ortaya \u00e7\u0131kabilir.<\/p>\n<ol start=\"3\">\n<li><strong>Lenfoma<\/strong><\/li>\n<\/ol>\n<p>Vertebrada yerle\u015fen lenfomalar histolojik olarak di\u011fer lenfomalarla ayn\u0131 g\u00f6r\u00fcnt\u00fcdedir. Vertebran\u0131n lenfoma ile tutulumunda en s\u0131k olarak vertebra korpusu destr\u00fckte olur ve olu\u015fan lezyon s\u0131n\u0131rlar\u0131 iyi ay\u0131rt edilemeyen litik lezyon \u015feklindedir. Lenfomalar RT\u2019e \u00e7ok duyarl\u0131d\u0131rlar ve bu nedenle ilk tedavi se\u00e7ene\u011fi RT olmal\u0131d\u0131r.Tedavi, biyopsi ama\u00e7l\u0131 cerrahiyi takiben RT ve kemoterapidir.<\/p>\n<ol start=\"4\">\n<li><strong>Osteosarkoma<\/strong><\/li>\n<\/ol>\n<p>Primer Osteosarkoma son derece nadirdir ve genellikle metastaz \u015feklinde g\u00f6r\u00fcl\u00fcrler. Bazan RT\u2019e bazan da Paget hastal\u0131\u011f\u0131na sekonder olarak vertebral osteosarkoma geli\u015febilir. Tipik olarak korpus ve arka elemanlarda litik ve blastik destr\u00fcksiyon alanlar\u0131 vard\u0131r En s\u0131k 10-30 ya\u015flar\u0131nda ortaya \u00e7\u0131kar. Vertebral kolon ve omurili\u011fi tehlikeye atmadan total egsizyon yapmak m\u00fcmk\u00fcn de\u011fildir. Cerrahi m\u00fcdahale daha \u00e7ok paliyatif ama\u00e7l\u0131d\u0131r.<\/p>\n<ol start=\"5\">\n<li><strong>Kondrosarkom<\/strong><\/li>\n<\/ol>\n<p>En s\u0131k olarak \u00f6nceden mevcut olan kordoma veya osteokondroman\u0131n malign dejenerasyonu \u015feklinde 40-60 ya\u015flar\u0131 aras\u0131nda g\u00f6r\u00fcl\u00fcrler. Yava\u015f b\u00fcy\u00fcyen bening bir t\u00fcm\u00f6r \u015feklinde veya h\u0131zla metastaz yapan agresif bir t\u00fcm\u00f6r \u015feklinde klinik verebilirler. Hem anterior hem de posterior elemanlar\u0131 tuttuklar\u0131nda geni\u015f rezeksiyon i\u00e7in hem anterior hem de posterior agresif cerrahi uygulanmal\u0131d\u0131r. Tedavi m\u00fcmk\u00fcn oldu\u011funca geni\u015f rezeksiyon \u015feklinde olmal\u0131d\u0131r.<\/p>\n<ol start=\"6\">\n<li><strong>Ewing sarkoma<\/strong><\/li>\n<\/ol>\n<p>K\u00f6keni tam olarak bilinmeyen kemi\u011fin malign k\u00fc\u00e7\u00fck h\u00fccreli bir t\u00fcm\u00f6r\u00fcd\u00fcr. \u00c7ocuk ve ad\u00f6lasan ya\u015fta g\u00f6r\u00fcl\u00fcr. Omurlarda primer olarak g\u00f6r\u00fclmesi nadirdir ve genellikle metastaz \u015feklinde yerle\u015fir. \u00c7ocukluk \u00e7a\u011f\u0131nda omurgada en s\u0131k g\u00f6r\u00fclen malign t\u00fcm\u00f6rd\u00fcr. Omurilik bas\u0131s\u0131 varsa veya stabilizasyon gerekiyorsa cerrahi planlanmal\u0131d\u0131r.<\/p>\n<p>\u00a0<\/p>\n<p><!-- \/wp:list --><!-- wp:paragraph --><\/p>\n<p><!-- \/wp:paragraph --><\/p>\t\t\t\t\t\t<\/div>\n\t\t\t\t<\/div>\n\t\t\t\t\t<\/div>\n\t\t<\/div>\n\t\t\t\t<div class=\"elementor-column elementor-col-33 elementor-top-column elementor-element elementor-element-6183df7\" data-id=\"6183df7\" data-element_type=\"column\">\n\t\t\t<div class=\"elementor-widget-wrap elementor-element-populated\">\n\t\t\t\t\t\t\t\t<div class=\"elementor-element elementor-element-5795eb1 elementor-widget elementor-widget-sidebar\" data-id=\"5795eb1\" data-element_type=\"widget\" data-widget_type=\"sidebar.default\">\n\t\t\t\t<div class=\"elementor-widget-container\">\n\t\t\t<div class=\"widget widget-port\"><h3 class=\"footer-title\">Hastal\u0131klar<\/h3><div class=\"menu-hastaliklar-container\"><ul id=\"menu-hastaliklar\" class=\"menu\"><li id=\"menu-item-17125\" class=\"menu-item menu-item-type-post_type menu-item-object-page menu-item-17125\"><a href=\"https:\/\/www.alikurtsoy.com\/index.php\/kafa-tabani\/\">Kafa Taban\u0131<\/a><\/li>\n<li id=\"menu-item-17124\" class=\"menu-item menu-item-type-post_type menu-item-object-page menu-item-17124\"><a href=\"https:\/\/www.alikurtsoy.com\/index.php\/malign-tumorler\/\">Malign T\u00fcm\u00f6rler<\/a><\/li>\n<li id=\"menu-item-17151\" class=\"menu-item menu-item-type-post_type menu-item-object-page menu-item-17151\"><a href=\"https:\/\/www.alikurtsoy.com\/index.php\/intradural-tumorler\/\">Spinal \u0130ntradural T\u00fcm\u00f6rler<\/a><\/li>\n<li id=\"menu-item-17172\" class=\"menu-item menu-item-type-post_type menu-item-object-page menu-item-17172\"><a href=\"https:\/\/www.alikurtsoy.com\/index.php\/araknoid-kistler\/\">Araknoid Kistler<\/a><\/li>\n<li id=\"menu-item-17184\" class=\"menu-item menu-item-type-post_type menu-item-object-page menu-item-17184\"><a href=\"https:\/\/www.alikurtsoy.com\/index.php\/spinal-tumorler\/\">Spinal Ekstradural T\u00fcm\u00f6rler<\/a><\/li>\n<li id=\"menu-item-17196\" class=\"menu-item menu-item-type-post_type menu-item-object-page menu-item-17196\"><a href=\"https:\/\/www.alikurtsoy.com\/index.php\/karotid-arter-darligi\/\">Karotid Arter Darl\u0131\u011f\u0131<\/a><\/li>\n<li id=\"menu-item-17208\" class=\"menu-item menu-item-type-post_type menu-item-object-page menu-item-17208\"><a href=\"https:\/\/www.alikurtsoy.com\/index.php\/metastatik-beyin-tumorleri\/\">Metastatik Beyin T\u00fcm\u00f6rleri<\/a><\/li>\n<\/ul><\/div><\/div>\t\t<\/div>\n\t\t\t\t<\/div>\n\t\t\t\t\t<\/div>\n\t\t<\/div>\n\t\t\t\t\t\t\t<\/div>\n\t\t<\/section>\n\t\t\t\t<section class=\"elementor-section elementor-top-section elementor-element elementor-element-71febc3 elementor-section-boxed elementor-section-height-default elementor-section-height-default\" data-id=\"71febc3\" data-element_type=\"section\">\n\t\t\t\t\t\t<div class=\"elementor-container elementor-column-gap-default\">\n\t\t\t\t\t<div class=\"elementor-column elementor-col-100 elementor-top-column elementor-element elementor-element-e8af04d\" data-id=\"e8af04d\" data-element_type=\"column\">\n\t\t\t<div class=\"elementor-widget-wrap elementor-element-populated\">\n\t\t\t\t\t\t\t\t<div class=\"elementor-element elementor-element-8cd8393 elementor-widget elementor-widget-spacer\" data-id=\"8cd8393\" data-element_type=\"widget\" data-widget_type=\"spacer.default\">\n\t\t\t\t<div class=\"elementor-widget-container\">\n\t\t\t<style>\/*! elementor - v3.17.0 - 08-11-2023 *\/\n.elementor-column .elementor-spacer-inner{height:var(--spacer-size)}.e-con{--container-widget-width:100%}.e-con-inner>.elementor-widget-spacer,.e-con>.elementor-widget-spacer{width:var(--container-widget-width,var(--spacer-size));--align-self:var(--container-widget-align-self,initial);--flex-shrink:0}.e-con-inner>.elementor-widget-spacer>.elementor-widget-container,.e-con>.elementor-widget-spacer>.elementor-widget-container{height:100%;width:100%}.e-con-inner>.elementor-widget-spacer>.elementor-widget-container>.elementor-spacer,.e-con>.elementor-widget-spacer>.elementor-widget-container>.elementor-spacer{height:100%}.e-con-inner>.elementor-widget-spacer>.elementor-widget-container>.elementor-spacer>.elementor-spacer-inner,.e-con>.elementor-widget-spacer>.elementor-widget-container>.elementor-spacer>.elementor-spacer-inner{height:var(--container-widget-height,var(--spacer-size))}.e-con-inner>.elementor-widget-spacer.elementor-widget-empty,.e-con>.elementor-widget-spacer.elementor-widget-empty{position:relative;min-height:22px;min-width:22px}.e-con-inner>.elementor-widget-spacer.elementor-widget-empty .elementor-widget-empty-icon,.e-con>.elementor-widget-spacer.elementor-widget-empty .elementor-widget-empty-icon{position:absolute;top:0;bottom:0;left:0;right:0;margin:auto;padding:0;width:22px;height:22px}<\/style>\t\t<div class=\"elementor-spacer\">\n\t\t\t<div class=\"elementor-spacer-inner\"><\/div>\n\t\t<\/div>\n\t\t\t\t<\/div>\n\t\t\t\t<\/div>\n\t\t\t\t\t<\/div>\n\t\t<\/div>\n\t\t\t\t\t\t\t<\/div>\n\t\t<\/section>\n\t\t\t\t\t\t\t<\/div>\n\t\t","protected":false},"excerpt":{"rendered":"<p>Malign T\u00fcm\u00f6rler Multiple miyeloma Plazma h\u00fccrelerinin malign t\u00fcm\u00f6r\u00fc olan multipl miyeloma (MM), eri\u015fkinlerde en s\u0131k g\u00f6r\u00fclen malign kemik t\u00fcm\u00f6r\u00fcd\u00fcr. Erkeklerde daha s\u0131k g\u00f6r\u00fclen MM, 5 ve 6. dekatta klinik verir. Hastalarda birlikte b\u00f6brek yetmezli\u011fi ve sistemik amiloidozis bulunabilir. Sedimantasyon h\u0131z\u0131 y\u00fckselmi\u015ftir ve protein elektroforezi bozulmu\u015ftur. Klasik Bence-Jones protein\u00fcr\u00fcsi hastalar\u0131n ancak %50\u2019nde tespit edilebilir. Radyolojik olarak [&hellip;]<\/p>\n","protected":false},"author":1,"featured_media":0,"parent":0,"menu_order":0,"comment_status":"closed","ping_status":"closed","template":"","meta":{"_acf_changed":false,"footnotes":""},"class_list":["post-17120","page","type-page","status-publish","hentry"],"acf":[],"yoast_head":"<!-- This site is optimized with the Yoast SEO plugin v23.7 - https:\/\/yoast.com\/wordpress\/plugins\/seo\/ -->\n<title>Malign T\u00fcm\u00f6rler - Prof. Dr. Ali Kurtsoy<\/title>\n<meta name=\"robots\" content=\"index, follow, max-snippet:-1, max-image-preview:large, max-video-preview:-1\" \/>\n<link rel=\"canonical\" href=\"https:\/\/www.alikurtsoy.com\/index.php\/malign-tumorler\/\" \/>\n<meta property=\"og:locale\" content=\"tr_TR\" \/>\n<meta property=\"og:type\" content=\"article\" \/>\n<meta property=\"og:title\" content=\"Malign T\u00fcm\u00f6rler - Prof. Dr. Ali Kurtsoy\" \/>\n<meta property=\"og:description\" content=\"Malign T\u00fcm\u00f6rler Multiple miyeloma Plazma h\u00fccrelerinin malign t\u00fcm\u00f6r\u00fc olan multipl miyeloma (MM), eri\u015fkinlerde en s\u0131k g\u00f6r\u00fclen malign kemik t\u00fcm\u00f6r\u00fcd\u00fcr. Erkeklerde daha s\u0131k g\u00f6r\u00fclen MM, 5 ve 6. dekatta klinik verir. Hastalarda birlikte b\u00f6brek yetmezli\u011fi ve sistemik amiloidozis bulunabilir. Sedimantasyon h\u0131z\u0131 y\u00fckselmi\u015ftir ve protein elektroforezi bozulmu\u015ftur. Klasik Bence-Jones protein\u00fcr\u00fcsi hastalar\u0131n ancak %50\u2019nde tespit edilebilir. Radyolojik olarak [&hellip;]\" \/>\n<meta property=\"og:url\" content=\"https:\/\/www.alikurtsoy.com\/index.php\/malign-tumorler\/\" \/>\n<meta property=\"og:site_name\" content=\"Prof. Dr. Ali Kurtsoy\" \/>\n<meta property=\"article:publisher\" content=\"https:\/\/www.facebook.com\/ali.kurtsoy\" \/>\n<meta property=\"article:modified_time\" content=\"2022-10-08T18:57:25+00:00\" \/>\n<meta name=\"twitter:card\" content=\"summary_large_image\" \/>\n<meta name=\"twitter:label1\" content=\"Tahmini okuma s\u00fcresi\" \/>\n\t<meta name=\"twitter:data1\" content=\"2 dakika\" \/>\n<script type=\"application\/ld+json\" class=\"yoast-schema-graph\">{\"@context\":\"https:\/\/schema.org\",\"@graph\":[{\"@type\":\"WebPage\",\"@id\":\"https:\/\/www.alikurtsoy.com\/index.php\/malign-tumorler\/\",\"url\":\"https:\/\/www.alikurtsoy.com\/index.php\/malign-tumorler\/\",\"name\":\"Malign T\u00fcm\u00f6rler - Prof. Dr. Ali Kurtsoy\",\"isPartOf\":{\"@id\":\"https:\/\/www.alikurtsoy.com\/#website\"},\"datePublished\":\"2022-09-15T20:02:52+00:00\",\"dateModified\":\"2022-10-08T18:57:25+00:00\",\"breadcrumb\":{\"@id\":\"https:\/\/www.alikurtsoy.com\/index.php\/malign-tumorler\/#breadcrumb\"},\"inLanguage\":\"tr\",\"potentialAction\":[{\"@type\":\"ReadAction\",\"target\":[\"https:\/\/www.alikurtsoy.com\/index.php\/malign-tumorler\/\"]}]},{\"@type\":\"BreadcrumbList\",\"@id\":\"https:\/\/www.alikurtsoy.com\/index.php\/malign-tumorler\/#breadcrumb\",\"itemListElement\":[{\"@type\":\"ListItem\",\"position\":1,\"name\":\"Anasayfa\",\"item\":\"https:\/\/www.alikurtsoy.com\/\"},{\"@type\":\"ListItem\",\"position\":2,\"name\":\"Malign T\u00fcm\u00f6rler\"}]},{\"@type\":\"WebSite\",\"@id\":\"https:\/\/www.alikurtsoy.com\/#website\",\"url\":\"https:\/\/www.alikurtsoy.com\/\",\"name\":\"Prof. Dr. Ali Kurtsoy\",\"description\":\"Beyin ve Sinir Cerrah\u0131\",\"publisher\":{\"@id\":\"https:\/\/www.alikurtsoy.com\/#organization\"},\"potentialAction\":[{\"@type\":\"SearchAction\",\"target\":{\"@type\":\"EntryPoint\",\"urlTemplate\":\"https:\/\/www.alikurtsoy.com\/?s={search_term_string}\"},\"query-input\":{\"@type\":\"PropertyValueSpecification\",\"valueRequired\":true,\"valueName\":\"search_term_string\"}}],\"inLanguage\":\"tr\"},{\"@type\":\"Organization\",\"@id\":\"https:\/\/www.alikurtsoy.com\/#organization\",\"name\":\"Prof. Dr. Ali Kurtsoy\",\"url\":\"https:\/\/www.alikurtsoy.com\/\",\"logo\":{\"@type\":\"ImageObject\",\"inLanguage\":\"tr\",\"@id\":\"https:\/\/www.alikurtsoy.com\/#\/schema\/logo\/image\/\",\"url\":\"https:\/\/www.alikurtsoy.com\/wp-content\/uploads\/2022\/10\/Untitled-6.png\",\"contentUrl\":\"https:\/\/www.alikurtsoy.com\/wp-content\/uploads\/2022\/10\/Untitled-6.png\",\"width\":1300,\"height\":400,\"caption\":\"Prof. Dr. Ali Kurtsoy\"},\"image\":{\"@id\":\"https:\/\/www.alikurtsoy.com\/#\/schema\/logo\/image\/\"},\"sameAs\":[\"https:\/\/www.facebook.com\/ali.kurtsoy\",\"https:\/\/www.instagram.com\/alikurtsoy\/\",\"https:\/\/www.youtube.com\/channel\/UC7q7xjMiuXYWE81uL76llUg\"]}]}<\/script>\n<!-- \/ Yoast SEO plugin. -->","yoast_head_json":{"title":"Malign T\u00fcm\u00f6rler - Prof. Dr. Ali Kurtsoy","robots":{"index":"index","follow":"follow","max-snippet":"max-snippet:-1","max-image-preview":"max-image-preview:large","max-video-preview":"max-video-preview:-1"},"canonical":"https:\/\/www.alikurtsoy.com\/index.php\/malign-tumorler\/","og_locale":"tr_TR","og_type":"article","og_title":"Malign T\u00fcm\u00f6rler - Prof. Dr. Ali Kurtsoy","og_description":"Malign T\u00fcm\u00f6rler Multiple miyeloma Plazma h\u00fccrelerinin malign t\u00fcm\u00f6r\u00fc olan multipl miyeloma (MM), eri\u015fkinlerde en s\u0131k g\u00f6r\u00fclen malign kemik t\u00fcm\u00f6r\u00fcd\u00fcr. Erkeklerde daha s\u0131k g\u00f6r\u00fclen MM, 5 ve 6. dekatta klinik verir. Hastalarda birlikte b\u00f6brek yetmezli\u011fi ve sistemik amiloidozis bulunabilir. Sedimantasyon h\u0131z\u0131 y\u00fckselmi\u015ftir ve protein elektroforezi bozulmu\u015ftur. Klasik Bence-Jones protein\u00fcr\u00fcsi hastalar\u0131n ancak %50\u2019nde tespit edilebilir. Radyolojik olarak [&hellip;]","og_url":"https:\/\/www.alikurtsoy.com\/index.php\/malign-tumorler\/","og_site_name":"Prof. Dr. Ali Kurtsoy","article_publisher":"https:\/\/www.facebook.com\/ali.kurtsoy","article_modified_time":"2022-10-08T18:57:25+00:00","twitter_card":"summary_large_image","twitter_misc":{"Tahmini okuma s\u00fcresi":"2 dakika"},"schema":{"@context":"https:\/\/schema.org","@graph":[{"@type":"WebPage","@id":"https:\/\/www.alikurtsoy.com\/index.php\/malign-tumorler\/","url":"https:\/\/www.alikurtsoy.com\/index.php\/malign-tumorler\/","name":"Malign T\u00fcm\u00f6rler - Prof. Dr. Ali Kurtsoy","isPartOf":{"@id":"https:\/\/www.alikurtsoy.com\/#website"},"datePublished":"2022-09-15T20:02:52+00:00","dateModified":"2022-10-08T18:57:25+00:00","breadcrumb":{"@id":"https:\/\/www.alikurtsoy.com\/index.php\/malign-tumorler\/#breadcrumb"},"inLanguage":"tr","potentialAction":[{"@type":"ReadAction","target":["https:\/\/www.alikurtsoy.com\/index.php\/malign-tumorler\/"]}]},{"@type":"BreadcrumbList","@id":"https:\/\/www.alikurtsoy.com\/index.php\/malign-tumorler\/#breadcrumb","itemListElement":[{"@type":"ListItem","position":1,"name":"Anasayfa","item":"https:\/\/www.alikurtsoy.com\/"},{"@type":"ListItem","position":2,"name":"Malign T\u00fcm\u00f6rler"}]},{"@type":"WebSite","@id":"https:\/\/www.alikurtsoy.com\/#website","url":"https:\/\/www.alikurtsoy.com\/","name":"Prof. Dr. Ali Kurtsoy","description":"Beyin ve Sinir Cerrah\u0131","publisher":{"@id":"https:\/\/www.alikurtsoy.com\/#organization"},"potentialAction":[{"@type":"SearchAction","target":{"@type":"EntryPoint","urlTemplate":"https:\/\/www.alikurtsoy.com\/?s={search_term_string}"},"query-input":{"@type":"PropertyValueSpecification","valueRequired":true,"valueName":"search_term_string"}}],"inLanguage":"tr"},{"@type":"Organization","@id":"https:\/\/www.alikurtsoy.com\/#organization","name":"Prof. Dr. Ali Kurtsoy","url":"https:\/\/www.alikurtsoy.com\/","logo":{"@type":"ImageObject","inLanguage":"tr","@id":"https:\/\/www.alikurtsoy.com\/#\/schema\/logo\/image\/","url":"https:\/\/www.alikurtsoy.com\/wp-content\/uploads\/2022\/10\/Untitled-6.png","contentUrl":"https:\/\/www.alikurtsoy.com\/wp-content\/uploads\/2022\/10\/Untitled-6.png","width":1300,"height":400,"caption":"Prof. Dr. Ali Kurtsoy"},"image":{"@id":"https:\/\/www.alikurtsoy.com\/#\/schema\/logo\/image\/"},"sameAs":["https:\/\/www.facebook.com\/ali.kurtsoy","https:\/\/www.instagram.com\/alikurtsoy\/","https:\/\/www.youtube.com\/channel\/UC7q7xjMiuXYWE81uL76llUg"]}]}},"_links":{"self":[{"href":"https:\/\/www.alikurtsoy.com\/index.php\/wp-json\/wp\/v2\/pages\/17120"}],"collection":[{"href":"https:\/\/www.alikurtsoy.com\/index.php\/wp-json\/wp\/v2\/pages"}],"about":[{"href":"https:\/\/www.alikurtsoy.com\/index.php\/wp-json\/wp\/v2\/types\/page"}],"author":[{"embeddable":true,"href":"https:\/\/www.alikurtsoy.com\/index.php\/wp-json\/wp\/v2\/users\/1"}],"replies":[{"embeddable":true,"href":"https:\/\/www.alikurtsoy.com\/index.php\/wp-json\/wp\/v2\/comments?post=17120"}],"version-history":[{"count":23,"href":"https:\/\/www.alikurtsoy.com\/index.php\/wp-json\/wp\/v2\/pages\/17120\/revisions"}],"predecessor-version":[{"id":17496,"href":"https:\/\/www.alikurtsoy.com\/index.php\/wp-json\/wp\/v2\/pages\/17120\/revisions\/17496"}],"wp:attachment":[{"href":"https:\/\/www.alikurtsoy.com\/index.php\/wp-json\/wp\/v2\/media?parent=17120"}],"curies":[{"name":"wp","href":"https:\/\/api.w.org\/{rel}","templated":true}]}}