{"id":17149,"date":"2022-09-15T20:25:16","date_gmt":"2022-09-15T20:25:16","guid":{"rendered":"http:\/\/alikurtsoy.com\/?page_id=17149"},"modified":"2022-10-08T18:59:08","modified_gmt":"2022-10-08T18:59:08","slug":"intradural-tumorler","status":"publish","type":"page","link":"https:\/\/www.alikurtsoy.com\/index.php\/intradural-tumorler\/","title":{"rendered":"Spinal \u0130ntradural T\u00fcm\u00f6rler"},"content":{"rendered":"\t\t<div data-elementor-type=\"wp-page\" data-elementor-id=\"17149\" class=\"elementor elementor-17149\">\n\t\t\t\t\t\t\t\t\t<section class=\"elementor-section elementor-top-section elementor-element elementor-element-ff5362e elementor-section-boxed elementor-section-height-default elementor-section-height-default\" data-id=\"ff5362e\" data-element_type=\"section\">\n\t\t\t\t\t\t<div class=\"elementor-container elementor-column-gap-default\">\n\t\t\t\t\t<div class=\"elementor-column elementor-col-100 elementor-top-column elementor-element elementor-element-4af24978\" data-id=\"4af24978\" data-element_type=\"column\">\n\t\t\t<div class=\"elementor-widget-wrap elementor-element-populated\">\n\t\t\t\t\t\t\t\t<div class=\"elementor-element elementor-element-1c04e498 elementor-widget elementor-widget-section-title\" data-id=\"1c04e498\" data-element_type=\"widget\" data-widget_type=\"section-title.default\">\n\t\t\t\t<div class=\"elementor-widget-container\">\n\t\t\t<div class=\"pt-section pt-style-1 text-center\">\r\n\t\t\r\n   \t\t   \t\t\t   <h5 class=\"pt-section-title\" >Spinal \u0130ntradural T\u00fcm\u00f6rler<\/h5>\r\n\t\t\t\r\n<\/div>\t\t<\/div>\n\t\t\t\t<\/div>\n\t\t\t\t\t<\/div>\n\t\t<\/div>\n\t\t\t\t\t\t\t<\/div>\n\t\t<\/section>\n\t\t\t\t<section class=\"elementor-section elementor-top-section elementor-element elementor-element-72608ec2 elementor-section-boxed elementor-section-height-default elementor-section-height-default\" data-id=\"72608ec2\" data-element_type=\"section\">\n\t\t\t\t\t\t<div class=\"elementor-container elementor-column-gap-default\">\n\t\t\t\t\t<div class=\"elementor-column elementor-col-50 elementor-top-column elementor-element elementor-element-936fe69\" data-id=\"936fe69\" data-element_type=\"column\">\n\t\t\t<div class=\"elementor-widget-wrap elementor-element-populated\">\n\t\t\t\t\t\t\t\t<div class=\"elementor-element elementor-element-7832b9ce elementor-widget elementor-widget-text-editor\" data-id=\"7832b9ce\" data-element_type=\"widget\" data-widget_type=\"text-editor.default\">\n\t\t\t\t<div class=\"elementor-widget-container\">\n\t\t\t<style>\/*! elementor - v3.17.0 - 08-11-2023 *\/\n.elementor-widget-text-editor.elementor-drop-cap-view-stacked .elementor-drop-cap{background-color:#69727d;color:#fff}.elementor-widget-text-editor.elementor-drop-cap-view-framed .elementor-drop-cap{color:#69727d;border:3px solid;background-color:transparent}.elementor-widget-text-editor:not(.elementor-drop-cap-view-default) .elementor-drop-cap{margin-top:8px}.elementor-widget-text-editor:not(.elementor-drop-cap-view-default) .elementor-drop-cap-letter{width:1em;height:1em}.elementor-widget-text-editor .elementor-drop-cap{float:left;text-align:center;line-height:1;font-size:50px}.elementor-widget-text-editor .elementor-drop-cap-letter{display:inline-block}<\/style>\t\t\t\t<p><!-- wp:paragraph --><\/p><p><b>1. Meningiomalar<\/b><\/p><p>Daha \u00e7ok torakal b\u00f6lgede yerle\u015firler. Spinal meningiomalarda kad\u0131n\/erkek oran\u0131 5\/1 \u015feklindedir. Meningiomalar sinir k\u0131l\u0131f\u0131na yak\u0131n araknoidden geli\u015firler. Paraparezi ve guadriparezi ile birlikte piramidal bulgular en s\u0131k g\u00f6r\u00fclen semptomlard\u0131r.<\/p><p><b>2. N\u00f6rinoma<\/b><\/p><p>N\u00f6rinomalar veya schwannomalar intradural ekstramed\u00fcller yerle\u015fen t\u00fcm\u00f6rler i\u00e7inde ikinci s\u0131ray\u0131 olu\u015ftururlar. En \u00e7ok meningiomalarda oldu\u011fu gibi torakal b\u00f6lgede g\u00f6r\u00fcl\u00fcrler. T\u00fcm\u00f6r yerle\u015fiminin %10-20\u2019i ekstradural olabilir.<\/p><p><!-- \/wp:paragraph --><!-- wp:heading --><\/p><h2>\u0130ntradural \u0130ntramed\u00fcller T\u00fcm\u00f6rler<\/h2><p><strong><!-- \/wp:heading --><!-- wp:list {\"ordered\":true} --><\/strong><\/p><p><strong>1. Astrositomalar:<\/strong><\/p><p>En s\u0131k lokalizasyon torakal b\u00f6lgeyedir. MR g\u00f6r\u00fcnt\u00fclerinde vakalar\u0131n yakla\u015f\u0131k yar\u0131s\u0131nda kistik alanlar dikkat \u00e7eker. S\u0131n\u0131rlar\u0131 belirgin de\u011fildir ve heterojen olarak kontrast tutarlar. Cerrahi s\u0131ras\u0131nda kesin bir klivaj plan\u0131 bulmak genellikle m\u00fcmk\u00fcn de\u011fildir.<\/p><p><strong>2. Ependimomalar:<\/strong><\/p><p>Astrositomalar gibi erkeklerde daha s\u0131k g\u00f6r\u00fcl\u00fcr. En s\u0131k filum \u00e7evresinde (miks\u00f6papiller ependimoma) ve daha sonra da servikal b\u00f6lgede izlenirler. S\u0131n\u0131rlar\u0131 astrositomlara g\u00f6re daha belirgindir. Kontrast tutulum tipik olmamakla birlikte astrositomlara k\u0131yasla daha homojendir. Cerrahide astrositomlara k\u0131yasla daha iyi bir klivaj plan\u0131 verirler ve bu nedenle gros total olarak \u00e7\u0131kart\u0131lmalar\u0131 vakalar\u0131n b\u00fcy\u00fck bir k\u0131sm\u0131nda ger\u00e7ekle\u015ftirilebilir.<\/p><p>Spinal Arterioven\u00f6z Malformasyonlar<br \/>Spinal arteriyoven\u00f6z malformasyonlar serebral arteriyoven\u00f6z malformasyonlara oranla daha nadir g\u00f6r\u00fcnmelerine kar\u015f\u0131n, gerek tan\u0131 gerekse tedavi y\u00f6n\u00fcnden cerrah\u0131 zorlay\u0131c\u0131 lezyonlard\u0131r.<\/p><p><br \/>Klinik g\u00f6r\u00fcnt\u00fc, ilerleyen omurilik bas\u0131s\u0131n\u0131n progressif bulgular\u0131 \u015feklindedir. Ataklar aras\u0131nda uzun remisyonlar g\u00f6r\u00fclmekle birlikte ortalama 10 y\u0131ll\u0131k bir s\u00fcre\u00e7te hastalar sakat kal\u0131rlar. Erkeklerde daha s\u0131k g\u00f6r\u00fcl\u00fcrler (E\/K oran\u0131 4\/1).Ba\u015flang\u0131\u00e7 semptomlar\u0131 a\u011fr\u0131 ve parestezidir. Sonradan parezi ve plejiler meydana gelir. Sfinkter kusurlar\u0131, inkontines veya retansiyon \u015feklinde g\u00f6zlenir. Subaraknoid kanama vakalar\u0131n %10\u2019da g\u00f6r\u00fcl\u00fcr.<\/p><p><br \/>Direkt filmlerin tan\u0131da hi\u00e7bir de\u011feri yoktur. Supine pozisyonunda yap\u0131lan miyelografide yanl\u0131\u015f pozitif sonu\u00e7lar\u0131n al\u0131nmas\u0131 m\u00fcmk\u00fcnd\u00fcr. MRI kesitlerinde omurilik dokusunun \u00f6n ve arkas\u0131nda uzanan sinyal void patolojik damarlar\u0131n g\u00f6r\u00fclmesi klinisyeni spinal AVM y\u00f6n\u00fcnden uyarmal\u0131d\u0131r. Bu vakalarda tetkik MR-anjiografi ile zenginle\u015ftirilmelidir. Ancak, spinal AVM\u2019lerde lezyonun s\u0131n\u0131fland\u0131r\u0131lmas\u0131 ve tedavinin planlanmas\u0131 i\u00e7in DSA yap\u0131lmas\u0131 zorunludur.<\/p><p><!-- \/wp:list --><!-- wp:paragraph --><\/p><p><!-- \/wp:paragraph --><\/p>\t\t\t\t\t\t<\/div>\n\t\t\t\t<\/div>\n\t\t\t\t\t<\/div>\n\t\t<\/div>\n\t\t\t\t<div class=\"elementor-column elementor-col-50 elementor-top-column elementor-element elementor-element-71295fbf\" data-id=\"71295fbf\" data-element_type=\"column\">\n\t\t\t<div class=\"elementor-widget-wrap elementor-element-populated\">\n\t\t\t\t\t\t\t\t<div class=\"elementor-element elementor-element-46ef827d elementor-widget elementor-widget-sidebar\" data-id=\"46ef827d\" data-element_type=\"widget\" data-widget_type=\"sidebar.default\">\n\t\t\t\t<div class=\"elementor-widget-container\">\n\t\t\t<div class=\"widget widget-port\"><h3 class=\"footer-title\">Hastal\u0131klar<\/h3><div class=\"menu-hastaliklar-container\"><ul id=\"menu-hastaliklar\" class=\"menu\"><li id=\"menu-item-17125\" class=\"menu-item menu-item-type-post_type menu-item-object-page menu-item-17125\"><a href=\"https:\/\/www.alikurtsoy.com\/index.php\/kafa-tabani\/\">Kafa Taban\u0131<\/a><\/li>\n<li id=\"menu-item-17124\" class=\"menu-item menu-item-type-post_type menu-item-object-page menu-item-17124\"><a href=\"https:\/\/www.alikurtsoy.com\/index.php\/malign-tumorler\/\">Malign T\u00fcm\u00f6rler<\/a><\/li>\n<li id=\"menu-item-17151\" class=\"menu-item menu-item-type-post_type menu-item-object-page menu-item-17151\"><a href=\"https:\/\/www.alikurtsoy.com\/index.php\/intradural-tumorler\/\">Spinal \u0130ntradural T\u00fcm\u00f6rler<\/a><\/li>\n<li id=\"menu-item-17172\" class=\"menu-item menu-item-type-post_type menu-item-object-page menu-item-17172\"><a href=\"https:\/\/www.alikurtsoy.com\/index.php\/araknoid-kistler\/\">Araknoid Kistler<\/a><\/li>\n<li id=\"menu-item-17184\" class=\"menu-item menu-item-type-post_type menu-item-object-page menu-item-17184\"><a href=\"https:\/\/www.alikurtsoy.com\/index.php\/spinal-tumorler\/\">Spinal Ekstradural T\u00fcm\u00f6rler<\/a><\/li>\n<li id=\"menu-item-17196\" class=\"menu-item menu-item-type-post_type menu-item-object-page menu-item-17196\"><a href=\"https:\/\/www.alikurtsoy.com\/index.php\/karotid-arter-darligi\/\">Karotid Arter Darl\u0131\u011f\u0131<\/a><\/li>\n<li id=\"menu-item-17208\" class=\"menu-item menu-item-type-post_type menu-item-object-page menu-item-17208\"><a href=\"https:\/\/www.alikurtsoy.com\/index.php\/metastatik-beyin-tumorleri\/\">Metastatik Beyin T\u00fcm\u00f6rleri<\/a><\/li>\n<\/ul><\/div><\/div>\t\t<\/div>\n\t\t\t\t<\/div>\n\t\t\t\t\t<\/div>\n\t\t<\/div>\n\t\t\t\t\t\t\t<\/div>\n\t\t<\/section>\n\t\t\t\t<section class=\"elementor-section elementor-top-section elementor-element elementor-element-bef3581 elementor-section-boxed elementor-section-height-default elementor-section-height-default\" data-id=\"bef3581\" data-element_type=\"section\">\n\t\t\t\t\t\t<div class=\"elementor-container elementor-column-gap-default\">\n\t\t\t\t\t<div class=\"elementor-column elementor-col-100 elementor-top-column elementor-element elementor-element-d254999\" data-id=\"d254999\" data-element_type=\"column\">\n\t\t\t<div class=\"elementor-widget-wrap elementor-element-populated\">\n\t\t\t\t\t\t\t\t<div class=\"elementor-element elementor-element-31b5966 elementor-widget elementor-widget-spacer\" data-id=\"31b5966\" data-element_type=\"widget\" data-widget_type=\"spacer.default\">\n\t\t\t\t<div class=\"elementor-widget-container\">\n\t\t\t<style>\/*! elementor - v3.17.0 - 08-11-2023 *\/\n.elementor-column .elementor-spacer-inner{height:var(--spacer-size)}.e-con{--container-widget-width:100%}.e-con-inner>.elementor-widget-spacer,.e-con>.elementor-widget-spacer{width:var(--container-widget-width,var(--spacer-size));--align-self:var(--container-widget-align-self,initial);--flex-shrink:0}.e-con-inner>.elementor-widget-spacer>.elementor-widget-container,.e-con>.elementor-widget-spacer>.elementor-widget-container{height:100%;width:100%}.e-con-inner>.elementor-widget-spacer>.elementor-widget-container>.elementor-spacer,.e-con>.elementor-widget-spacer>.elementor-widget-container>.elementor-spacer{height:100%}.e-con-inner>.elementor-widget-spacer>.elementor-widget-container>.elementor-spacer>.elementor-spacer-inner,.e-con>.elementor-widget-spacer>.elementor-widget-container>.elementor-spacer>.elementor-spacer-inner{height:var(--container-widget-height,var(--spacer-size))}.e-con-inner>.elementor-widget-spacer.elementor-widget-empty,.e-con>.elementor-widget-spacer.elementor-widget-empty{position:relative;min-height:22px;min-width:22px}.e-con-inner>.elementor-widget-spacer.elementor-widget-empty .elementor-widget-empty-icon,.e-con>.elementor-widget-spacer.elementor-widget-empty .elementor-widget-empty-icon{position:absolute;top:0;bottom:0;left:0;right:0;margin:auto;padding:0;width:22px;height:22px}<\/style>\t\t<div class=\"elementor-spacer\">\n\t\t\t<div class=\"elementor-spacer-inner\"><\/div>\n\t\t<\/div>\n\t\t\t\t<\/div>\n\t\t\t\t<\/div>\n\t\t\t\t\t<\/div>\n\t\t<\/div>\n\t\t\t\t\t\t\t<\/div>\n\t\t<\/section>\n\t\t\t\t\t\t\t<\/div>\n\t\t","protected":false},"excerpt":{"rendered":"<p>Spinal \u0130ntradural T\u00fcm\u00f6rler 1. Meningiomalar Daha \u00e7ok torakal b\u00f6lgede yerle\u015firler. Spinal meningiomalarda kad\u0131n\/erkek oran\u0131 5\/1 \u015feklindedir. Meningiomalar sinir k\u0131l\u0131f\u0131na yak\u0131n araknoidden geli\u015firler. Paraparezi ve guadriparezi ile birlikte piramidal bulgular en s\u0131k g\u00f6r\u00fclen semptomlard\u0131r. 2. N\u00f6rinoma N\u00f6rinomalar veya schwannomalar intradural ekstramed\u00fcller yerle\u015fen t\u00fcm\u00f6rler i\u00e7inde ikinci s\u0131ray\u0131 olu\u015ftururlar. En \u00e7ok meningiomalarda oldu\u011fu gibi torakal b\u00f6lgede g\u00f6r\u00fcl\u00fcrler. T\u00fcm\u00f6r [&hellip;]<\/p>\n","protected":false},"author":1,"featured_media":0,"parent":0,"menu_order":0,"comment_status":"closed","ping_status":"closed","template":"","meta":{"_acf_changed":false,"footnotes":""},"class_list":["post-17149","page","type-page","status-publish","hentry"],"acf":[],"yoast_head":"<!-- This site is optimized with the Yoast SEO plugin v23.7 - https:\/\/yoast.com\/wordpress\/plugins\/seo\/ -->\n<title>Spinal \u0130ntradural T\u00fcm\u00f6rler - Prof. Dr. Ali Kurtsoy<\/title>\n<meta name=\"robots\" content=\"index, follow, max-snippet:-1, max-image-preview:large, max-video-preview:-1\" \/>\n<link rel=\"canonical\" href=\"https:\/\/www.alikurtsoy.com\/index.php\/intradural-tumorler\/\" \/>\n<meta property=\"og:locale\" content=\"tr_TR\" \/>\n<meta property=\"og:type\" content=\"article\" \/>\n<meta property=\"og:title\" content=\"Spinal \u0130ntradural T\u00fcm\u00f6rler - Prof. Dr. Ali Kurtsoy\" \/>\n<meta property=\"og:description\" content=\"Spinal \u0130ntradural T\u00fcm\u00f6rler 1. Meningiomalar Daha \u00e7ok torakal b\u00f6lgede yerle\u015firler. Spinal meningiomalarda kad\u0131n\/erkek oran\u0131 5\/1 \u015feklindedir. Meningiomalar sinir k\u0131l\u0131f\u0131na yak\u0131n araknoidden geli\u015firler. Paraparezi ve guadriparezi ile birlikte piramidal bulgular en s\u0131k g\u00f6r\u00fclen semptomlard\u0131r. 2. N\u00f6rinoma N\u00f6rinomalar veya schwannomalar intradural ekstramed\u00fcller yerle\u015fen t\u00fcm\u00f6rler i\u00e7inde ikinci s\u0131ray\u0131 olu\u015ftururlar. En \u00e7ok meningiomalarda oldu\u011fu gibi torakal b\u00f6lgede g\u00f6r\u00fcl\u00fcrler. T\u00fcm\u00f6r [&hellip;]\" \/>\n<meta property=\"og:url\" content=\"https:\/\/www.alikurtsoy.com\/index.php\/intradural-tumorler\/\" \/>\n<meta property=\"og:site_name\" content=\"Prof. Dr. Ali Kurtsoy\" \/>\n<meta property=\"article:publisher\" content=\"https:\/\/www.facebook.com\/ali.kurtsoy\" \/>\n<meta property=\"article:modified_time\" content=\"2022-10-08T18:59:08+00:00\" \/>\n<meta name=\"twitter:card\" content=\"summary_large_image\" \/>\n<meta name=\"twitter:label1\" content=\"Tahmini okuma s\u00fcresi\" \/>\n\t<meta name=\"twitter:data1\" content=\"2 dakika\" \/>\n<script type=\"application\/ld+json\" class=\"yoast-schema-graph\">{\"@context\":\"https:\/\/schema.org\",\"@graph\":[{\"@type\":\"WebPage\",\"@id\":\"https:\/\/www.alikurtsoy.com\/index.php\/intradural-tumorler\/\",\"url\":\"https:\/\/www.alikurtsoy.com\/index.php\/intradural-tumorler\/\",\"name\":\"Spinal \u0130ntradural T\u00fcm\u00f6rler - Prof. Dr. Ali Kurtsoy\",\"isPartOf\":{\"@id\":\"https:\/\/www.alikurtsoy.com\/#website\"},\"datePublished\":\"2022-09-15T20:25:16+00:00\",\"dateModified\":\"2022-10-08T18:59:08+00:00\",\"breadcrumb\":{\"@id\":\"https:\/\/www.alikurtsoy.com\/index.php\/intradural-tumorler\/#breadcrumb\"},\"inLanguage\":\"tr\",\"potentialAction\":[{\"@type\":\"ReadAction\",\"target\":[\"https:\/\/www.alikurtsoy.com\/index.php\/intradural-tumorler\/\"]}]},{\"@type\":\"BreadcrumbList\",\"@id\":\"https:\/\/www.alikurtsoy.com\/index.php\/intradural-tumorler\/#breadcrumb\",\"itemListElement\":[{\"@type\":\"ListItem\",\"position\":1,\"name\":\"Anasayfa\",\"item\":\"https:\/\/www.alikurtsoy.com\/\"},{\"@type\":\"ListItem\",\"position\":2,\"name\":\"Spinal \u0130ntradural T\u00fcm\u00f6rler\"}]},{\"@type\":\"WebSite\",\"@id\":\"https:\/\/www.alikurtsoy.com\/#website\",\"url\":\"https:\/\/www.alikurtsoy.com\/\",\"name\":\"Prof. Dr. Ali Kurtsoy\",\"description\":\"Beyin ve Sinir Cerrah\u0131\",\"publisher\":{\"@id\":\"https:\/\/www.alikurtsoy.com\/#organization\"},\"potentialAction\":[{\"@type\":\"SearchAction\",\"target\":{\"@type\":\"EntryPoint\",\"urlTemplate\":\"https:\/\/www.alikurtsoy.com\/?s={search_term_string}\"},\"query-input\":{\"@type\":\"PropertyValueSpecification\",\"valueRequired\":true,\"valueName\":\"search_term_string\"}}],\"inLanguage\":\"tr\"},{\"@type\":\"Organization\",\"@id\":\"https:\/\/www.alikurtsoy.com\/#organization\",\"name\":\"Prof. Dr. Ali Kurtsoy\",\"url\":\"https:\/\/www.alikurtsoy.com\/\",\"logo\":{\"@type\":\"ImageObject\",\"inLanguage\":\"tr\",\"@id\":\"https:\/\/www.alikurtsoy.com\/#\/schema\/logo\/image\/\",\"url\":\"https:\/\/www.alikurtsoy.com\/wp-content\/uploads\/2022\/10\/Untitled-6.png\",\"contentUrl\":\"https:\/\/www.alikurtsoy.com\/wp-content\/uploads\/2022\/10\/Untitled-6.png\",\"width\":1300,\"height\":400,\"caption\":\"Prof. Dr. Ali Kurtsoy\"},\"image\":{\"@id\":\"https:\/\/www.alikurtsoy.com\/#\/schema\/logo\/image\/\"},\"sameAs\":[\"https:\/\/www.facebook.com\/ali.kurtsoy\",\"https:\/\/www.instagram.com\/alikurtsoy\/\",\"https:\/\/www.youtube.com\/channel\/UC7q7xjMiuXYWE81uL76llUg\"]}]}<\/script>\n<!-- \/ Yoast SEO plugin. -->","yoast_head_json":{"title":"Spinal \u0130ntradural T\u00fcm\u00f6rler - Prof. Dr. Ali Kurtsoy","robots":{"index":"index","follow":"follow","max-snippet":"max-snippet:-1","max-image-preview":"max-image-preview:large","max-video-preview":"max-video-preview:-1"},"canonical":"https:\/\/www.alikurtsoy.com\/index.php\/intradural-tumorler\/","og_locale":"tr_TR","og_type":"article","og_title":"Spinal \u0130ntradural T\u00fcm\u00f6rler - Prof. Dr. Ali Kurtsoy","og_description":"Spinal \u0130ntradural T\u00fcm\u00f6rler 1. Meningiomalar Daha \u00e7ok torakal b\u00f6lgede yerle\u015firler. Spinal meningiomalarda kad\u0131n\/erkek oran\u0131 5\/1 \u015feklindedir. Meningiomalar sinir k\u0131l\u0131f\u0131na yak\u0131n araknoidden geli\u015firler. Paraparezi ve guadriparezi ile birlikte piramidal bulgular en s\u0131k g\u00f6r\u00fclen semptomlard\u0131r. 2. N\u00f6rinoma N\u00f6rinomalar veya schwannomalar intradural ekstramed\u00fcller yerle\u015fen t\u00fcm\u00f6rler i\u00e7inde ikinci s\u0131ray\u0131 olu\u015ftururlar. En \u00e7ok meningiomalarda oldu\u011fu gibi torakal b\u00f6lgede g\u00f6r\u00fcl\u00fcrler. T\u00fcm\u00f6r [&hellip;]","og_url":"https:\/\/www.alikurtsoy.com\/index.php\/intradural-tumorler\/","og_site_name":"Prof. Dr. Ali Kurtsoy","article_publisher":"https:\/\/www.facebook.com\/ali.kurtsoy","article_modified_time":"2022-10-08T18:59:08+00:00","twitter_card":"summary_large_image","twitter_misc":{"Tahmini okuma s\u00fcresi":"2 dakika"},"schema":{"@context":"https:\/\/schema.org","@graph":[{"@type":"WebPage","@id":"https:\/\/www.alikurtsoy.com\/index.php\/intradural-tumorler\/","url":"https:\/\/www.alikurtsoy.com\/index.php\/intradural-tumorler\/","name":"Spinal \u0130ntradural T\u00fcm\u00f6rler - Prof. Dr. Ali Kurtsoy","isPartOf":{"@id":"https:\/\/www.alikurtsoy.com\/#website"},"datePublished":"2022-09-15T20:25:16+00:00","dateModified":"2022-10-08T18:59:08+00:00","breadcrumb":{"@id":"https:\/\/www.alikurtsoy.com\/index.php\/intradural-tumorler\/#breadcrumb"},"inLanguage":"tr","potentialAction":[{"@type":"ReadAction","target":["https:\/\/www.alikurtsoy.com\/index.php\/intradural-tumorler\/"]}]},{"@type":"BreadcrumbList","@id":"https:\/\/www.alikurtsoy.com\/index.php\/intradural-tumorler\/#breadcrumb","itemListElement":[{"@type":"ListItem","position":1,"name":"Anasayfa","item":"https:\/\/www.alikurtsoy.com\/"},{"@type":"ListItem","position":2,"name":"Spinal \u0130ntradural T\u00fcm\u00f6rler"}]},{"@type":"WebSite","@id":"https:\/\/www.alikurtsoy.com\/#website","url":"https:\/\/www.alikurtsoy.com\/","name":"Prof. Dr. Ali Kurtsoy","description":"Beyin ve Sinir Cerrah\u0131","publisher":{"@id":"https:\/\/www.alikurtsoy.com\/#organization"},"potentialAction":[{"@type":"SearchAction","target":{"@type":"EntryPoint","urlTemplate":"https:\/\/www.alikurtsoy.com\/?s={search_term_string}"},"query-input":{"@type":"PropertyValueSpecification","valueRequired":true,"valueName":"search_term_string"}}],"inLanguage":"tr"},{"@type":"Organization","@id":"https:\/\/www.alikurtsoy.com\/#organization","name":"Prof. Dr. Ali Kurtsoy","url":"https:\/\/www.alikurtsoy.com\/","logo":{"@type":"ImageObject","inLanguage":"tr","@id":"https:\/\/www.alikurtsoy.com\/#\/schema\/logo\/image\/","url":"https:\/\/www.alikurtsoy.com\/wp-content\/uploads\/2022\/10\/Untitled-6.png","contentUrl":"https:\/\/www.alikurtsoy.com\/wp-content\/uploads\/2022\/10\/Untitled-6.png","width":1300,"height":400,"caption":"Prof. Dr. Ali Kurtsoy"},"image":{"@id":"https:\/\/www.alikurtsoy.com\/#\/schema\/logo\/image\/"},"sameAs":["https:\/\/www.facebook.com\/ali.kurtsoy","https:\/\/www.instagram.com\/alikurtsoy\/","https:\/\/www.youtube.com\/channel\/UC7q7xjMiuXYWE81uL76llUg"]}]}},"_links":{"self":[{"href":"https:\/\/www.alikurtsoy.com\/index.php\/wp-json\/wp\/v2\/pages\/17149"}],"collection":[{"href":"https:\/\/www.alikurtsoy.com\/index.php\/wp-json\/wp\/v2\/pages"}],"about":[{"href":"https:\/\/www.alikurtsoy.com\/index.php\/wp-json\/wp\/v2\/types\/page"}],"author":[{"embeddable":true,"href":"https:\/\/www.alikurtsoy.com\/index.php\/wp-json\/wp\/v2\/users\/1"}],"replies":[{"embeddable":true,"href":"https:\/\/www.alikurtsoy.com\/index.php\/wp-json\/wp\/v2\/comments?post=17149"}],"version-history":[{"count":21,"href":"https:\/\/www.alikurtsoy.com\/index.php\/wp-json\/wp\/v2\/pages\/17149\/revisions"}],"predecessor-version":[{"id":17500,"href":"https:\/\/www.alikurtsoy.com\/index.php\/wp-json\/wp\/v2\/pages\/17149\/revisions\/17500"}],"wp:attachment":[{"href":"https:\/\/www.alikurtsoy.com\/index.php\/wp-json\/wp\/v2\/media?parent=17149"}],"curies":[{"name":"wp","href":"https:\/\/api.w.org\/{rel}","templated":true}]}}