{"id":17183,"date":"2022-09-16T04:44:47","date_gmt":"2022-09-16T04:44:47","guid":{"rendered":"http:\/\/alikurtsoy.com\/?page_id=17183"},"modified":"2022-10-08T19:04:08","modified_gmt":"2022-10-08T19:04:08","slug":"spinal-tumorler","status":"publish","type":"page","link":"https:\/\/www.alikurtsoy.com\/index.php\/spinal-tumorler\/","title":{"rendered":"Spinal Ekstradural T\u00fcm\u00f6rler"},"content":{"rendered":"\t\t<div data-elementor-type=\"wp-page\" data-elementor-id=\"17183\" class=\"elementor elementor-17183\">\n\t\t\t\t\t\t\t\t\t<section class=\"elementor-section elementor-top-section elementor-element elementor-element-74f394a9 elementor-section-boxed elementor-section-height-default elementor-section-height-default\" data-id=\"74f394a9\" data-element_type=\"section\">\n\t\t\t\t\t\t<div class=\"elementor-container elementor-column-gap-default\">\n\t\t\t\t\t<div class=\"elementor-column elementor-col-100 elementor-top-column elementor-element elementor-element-e1f8e91\" data-id=\"e1f8e91\" data-element_type=\"column\">\n\t\t\t<div class=\"elementor-widget-wrap elementor-element-populated\">\n\t\t\t\t\t\t\t\t<div class=\"elementor-element elementor-element-5596675c elementor-widget elementor-widget-section-title\" data-id=\"5596675c\" data-element_type=\"widget\" data-widget_type=\"section-title.default\">\n\t\t\t\t<div class=\"elementor-widget-container\">\n\t\t\t<div class=\"pt-section pt-style-1 text-center\">\r\n\t\t\r\n   \t\t   \t\t\t   <h5 class=\"pt-section-title\" >Spinal Ekstradural  T\u00fcm\u00f6rler<\/h5>\r\n\t\t\t\r\n<\/div>\t\t<\/div>\n\t\t\t\t<\/div>\n\t\t\t\t\t<\/div>\n\t\t<\/div>\n\t\t\t\t\t\t\t<\/div>\n\t\t<\/section>\n\t\t\t\t<section class=\"elementor-section elementor-top-section elementor-element elementor-element-57d41bc1 elementor-section-boxed elementor-section-height-default elementor-section-height-default\" data-id=\"57d41bc1\" data-element_type=\"section\">\n\t\t\t\t\t\t<div class=\"elementor-container elementor-column-gap-default\">\n\t\t\t\t\t<div class=\"elementor-column elementor-col-50 elementor-top-column elementor-element elementor-element-3cb0a854\" data-id=\"3cb0a854\" data-element_type=\"column\">\n\t\t\t<div class=\"elementor-widget-wrap elementor-element-populated\">\n\t\t\t\t\t\t\t\t<div class=\"elementor-element elementor-element-5666bf13 elementor-widget elementor-widget-text-editor\" data-id=\"5666bf13\" data-element_type=\"widget\" data-widget_type=\"text-editor.default\">\n\t\t\t\t<div class=\"elementor-widget-container\">\n\t\t\t<style>\/*! elementor - v3.17.0 - 08-11-2023 *\/\n.elementor-widget-text-editor.elementor-drop-cap-view-stacked .elementor-drop-cap{background-color:#69727d;color:#fff}.elementor-widget-text-editor.elementor-drop-cap-view-framed .elementor-drop-cap{color:#69727d;border:3px solid;background-color:transparent}.elementor-widget-text-editor:not(.elementor-drop-cap-view-default) .elementor-drop-cap{margin-top:8px}.elementor-widget-text-editor:not(.elementor-drop-cap-view-default) .elementor-drop-cap-letter{width:1em;height:1em}.elementor-widget-text-editor .elementor-drop-cap{float:left;text-align:center;line-height:1;font-size:50px}.elementor-widget-text-editor .elementor-drop-cap-letter{display:inline-block}<\/style>\t\t\t\t<p>Son 10 y\u0131l i\u00e7erisinde omurga t\u00fcm\u00f6rlerine yakla\u015f\u0131mlar konusunda dramatik de\u011fi\u015fiklikler meydana gelmi\u015f, bilgisayarl\u0131 tomografi ve manyetik rezonans g\u00f6r\u00fcnt\u00fclemenin yayg\u0131n olarak kullan\u0131lmas\u0131, cerrah\u0131n t\u00fcm\u00f6r\u00fc bir b\u00fct\u00fcn i\u00e7erisinde de\u011ferlendirmesine ve bunun sonucunda cerrahi yakla\u015f\u0131m\u0131 planlamas\u0131na, cerrahi sonras\u0131 gerekirse omurga rekonstruksiyonu yapmas\u0131na imkan sa\u011flam\u0131\u015ft\u0131r.<\/p><p>Omurilik ve onunla ili\u015fkili t\u00fcm\u00f6rlerin yakla\u015f\u0131k d\u00f6rtte biri ekstradural, yar\u0131s\u0131 intradural ekstramed\u00fcller ve kalan d\u00f6rtte biri ise intramed\u00fcller yerle\u015fimlidir. Omurilik t\u00fcm\u00f6rlerinde ba\u015fl\u0131ca 3 \u00e7e\u015fit klinik semptom ve bulgu meydana gelir:<br \/>A\u011fr\u0131: \u0130stirahatla nadiren ge\u00e7er. Geceleri daha fazla artmas\u0131 tipiktir. Mekanik anstabilite, kemik destr\u00fcksiyonu veya n\u00f6ral k\u00f6k veya omurilik bas\u0131s\u0131 ile meydana gelir.<\/p><p>N\u00f6rolojik tutulum: Hastal\u0131\u011f\u0131n seyri s\u0131ras\u0131nda seviye veren his kusuru ile birlikte de\u011fi\u015fik derecede paraparezi meydan gelir.<br \/>Deformite: Osteoid osteoma ve osteoblastoma genellikle posterior elemanlarda, lamina ve fasetlerde lokalize oldu\u011fundan hastalarda skolyoz meydana gelebilir. Bu nedenle eri\u015fkin skolyozunda bu patolojilerden \u015f\u00fcphelenilmelidir.<\/p><h3 class=\"mb-30\">Bening T\u00fcm\u00f6rler<\/h3><ol><li><strong>Hemanjiomlar<\/strong><\/li>Vertebral kolonun en s\u0131k g\u00f6r\u00fclen primer bening t\u00fcm\u00f6r\u00fcd\u00fcr. Nadiren klinik bulgu verirler. Fonksiyonel olarak interkostal ve lomber arterlerden \u00e7\u0131kan k\u00fc\u00e7\u00fck damarlardan beslenen bir arteriyoven\u00f6z \u015fantt\u0131r.<li><strong>Osteoid osteoma ve osteoblastoma<\/strong><\/li>Osteoid osteoma ve osteoblastoma ayn\u0131 bening osteoblastik yap\u0131dan origin alan t\u00fcm\u00f6rlerdir. Lezyon \u00e7ap\u0131 1.5 cm\u2019den k\u00fc\u00e7\u00fck ise osteoid osteoma, b\u00fcy\u00fck ise osteoblastoma ad\u0131 verilir. Osteoid nidusu \u00e7evreleyen sklerotik bir kemik vard\u0131r. Klinik olarak geceleri artan s\u0131rt ve bel a\u011fr\u0131lar\u0131 olu\u015ftururlarken a\u011fr\u0131 tipik olarak istirahatla d\u00fczelmez. Skolyoz nedeni olarak ara\u015ft\u0131r\u0131lmal\u0131d\u0131rlar. Ad\u00f6lasandaki a\u011fr\u0131l\u0131 skolyozun en s\u0131k nedeni osteoid osteomad\u0131r.<li><strong>Osteokondroma<\/strong><\/li>Seyrek olarak malign transformasyon g\u00f6sterebilirler. Osteokondroma k\u0131k\u0131rdak \u015fapkas\u0131 olan bir kemik \u00e7\u0131k\u0131nt\u0131d\u0131r. Genellikle posterior elemanlarda ve \u00f6zellikle spin\u00f6z pro\u00e7eslerde bulunurlar.<li><strong>Dev h\u00fccreli t\u00fcm\u00f6r<\/strong><\/li>Orijini bilinmeyen bening bir t\u00fcm\u00f6rd\u00fcr. En \u00e7ok torakal b\u00f6lgede ve vertebra korpusuna yerle\u015fir. Bening olmakla birlikte rek\u00fcrrens e\u011filimleri vard\u0131r ve %51 oran\u0131nda metastaz yapabilirler. Radyolojik olarak kist benzeri lezyonlar \u015feklinde g\u00f6z\u00fckt\u00fc\u011f\u00fcnden anevrizmal kemik kisti ve osteoblastoma ile kar\u0131\u015fabilir. Lezyon radyolojik olarak litiktir ve iyi s\u0131n\u0131rl\u0131d\u0131r. Sklerotik k\u0131y\u0131 ve periostal reaksiyon g\u00f6zlenmez. Tedavi cerrahi egsizyondur.<li><strong>Anevrizmal kemik kisti<\/strong><\/li>Bu terim, patolojik olarak i\u00e7leri kan dolu kaviteler gibi olmas\u0131ndan \u00f6t\u00fcr\u00fc kullan\u0131lmaktad\u0131r. Ger\u00e7ekte bahsedilen bu t\u00fcm\u00f6r ne anevrizmad\u0131r ve ne de kisttir. Lezyonun k\u00f6keni bilinmemekle birlikte bir neoplazi olmad\u0131\u011f\u0131na inan\u0131lmaktad\u0131r. Radyolojik olarak patlam\u0131\u015f m\u0131s\u0131r g\u00f6r\u00fcnt\u00fcs\u00fc tipiktir ve kistik lezyon \u00f6zelliklerini g\u00f6sterir. Kemik sintigrafisinde patolojik tutulum vard\u0131r. Gen\u00e7 eri\u015fkinlerde g\u00f6r\u00fclen ve daha \u00e7ok posterior elemanlarda lokalizedirler. Vertebral kolonda birden fazla d\u00fczeyde yerle\u015fip bening olarak kabul edilen tek t\u00fcm\u00f6r budur. Osteoid osteomada oldu\u011fu gibi a\u011fr\u0131l\u0131 skolyoza neden olabilir. Tedavi, cerrahi olarak total egsizyon olmal\u0131d\u0131r.<li><strong>Eozinofilik granulama<\/strong><\/li>Lezyon soliter olabilece\u011fi gibi histiyositozis-X, Hande-Sch\u00fcller-Christian hastal\u0131\u011f\u0131 ve Letterer-Siwe hastal\u0131\u011f\u0131n\u0131n da bir par\u00e7as\u0131 olabilir. Radyolojik olarak klasik g\u00f6r\u00fcn\u00fcm\u00fc vertebra plana ad\u0131 verilen yass\u0131la\u015fm\u0131\u015f bir vertebra korpusudur. \u00dcst \u00fcste para g\u00f6r\u00fcnt\u00fcs\u00fc tipik radyolojik g\u00f6r\u00fcnt\u00fc olup, vertebra korpuslar\u0131 \u00e7\u00f6kerken disk aral\u0131klar\u0131 korunur.<\/ol><p>\u00a0<\/p>\t\t\t\t\t\t<\/div>\n\t\t\t\t<\/div>\n\t\t\t\t\t<\/div>\n\t\t<\/div>\n\t\t\t\t<div class=\"elementor-column elementor-col-50 elementor-top-column elementor-element elementor-element-1e6c8e91\" data-id=\"1e6c8e91\" data-element_type=\"column\">\n\t\t\t<div class=\"elementor-widget-wrap elementor-element-populated\">\n\t\t\t\t\t\t\t\t<div class=\"elementor-element elementor-element-14e15300 elementor-widget elementor-widget-sidebar\" data-id=\"14e15300\" data-element_type=\"widget\" data-widget_type=\"sidebar.default\">\n\t\t\t\t<div class=\"elementor-widget-container\">\n\t\t\t<div class=\"widget widget-port\"><h3 class=\"footer-title\">Hastal\u0131klar<\/h3><div class=\"menu-hastaliklar-container\"><ul id=\"menu-hastaliklar\" class=\"menu\"><li id=\"menu-item-17125\" class=\"menu-item menu-item-type-post_type menu-item-object-page menu-item-17125\"><a href=\"https:\/\/www.alikurtsoy.com\/index.php\/kafa-tabani\/\">Kafa Taban\u0131<\/a><\/li>\n<li id=\"menu-item-17124\" class=\"menu-item menu-item-type-post_type menu-item-object-page menu-item-17124\"><a href=\"https:\/\/www.alikurtsoy.com\/index.php\/malign-tumorler\/\">Malign T\u00fcm\u00f6rler<\/a><\/li>\n<li id=\"menu-item-17151\" class=\"menu-item menu-item-type-post_type menu-item-object-page menu-item-17151\"><a href=\"https:\/\/www.alikurtsoy.com\/index.php\/intradural-tumorler\/\">Spinal \u0130ntradural T\u00fcm\u00f6rler<\/a><\/li>\n<li id=\"menu-item-17172\" class=\"menu-item menu-item-type-post_type menu-item-object-page menu-item-17172\"><a href=\"https:\/\/www.alikurtsoy.com\/index.php\/araknoid-kistler\/\">Araknoid Kistler<\/a><\/li>\n<li id=\"menu-item-17184\" class=\"menu-item menu-item-type-post_type menu-item-object-page menu-item-17184\"><a href=\"https:\/\/www.alikurtsoy.com\/index.php\/spinal-tumorler\/\">Spinal Ekstradural T\u00fcm\u00f6rler<\/a><\/li>\n<li id=\"menu-item-17196\" class=\"menu-item menu-item-type-post_type menu-item-object-page menu-item-17196\"><a href=\"https:\/\/www.alikurtsoy.com\/index.php\/karotid-arter-darligi\/\">Karotid Arter Darl\u0131\u011f\u0131<\/a><\/li>\n<li id=\"menu-item-17208\" class=\"menu-item menu-item-type-post_type menu-item-object-page menu-item-17208\"><a href=\"https:\/\/www.alikurtsoy.com\/index.php\/metastatik-beyin-tumorleri\/\">Metastatik Beyin T\u00fcm\u00f6rleri<\/a><\/li>\n<\/ul><\/div><\/div>\t\t<\/div>\n\t\t\t\t<\/div>\n\t\t\t\t\t<\/div>\n\t\t<\/div>\n\t\t\t\t\t\t\t<\/div>\n\t\t<\/section>\n\t\t\t\t<section class=\"elementor-section elementor-top-section elementor-element elementor-element-2a89d38 elementor-section-boxed elementor-section-height-default elementor-section-height-default\" data-id=\"2a89d38\" data-element_type=\"section\">\n\t\t\t\t\t\t<div class=\"elementor-container elementor-column-gap-default\">\n\t\t\t\t\t<div class=\"elementor-column elementor-col-100 elementor-top-column elementor-element elementor-element-340d159\" data-id=\"340d159\" data-element_type=\"column\">\n\t\t\t<div class=\"elementor-widget-wrap elementor-element-populated\">\n\t\t\t\t\t\t\t\t<div class=\"elementor-element elementor-element-369fc34 elementor-widget elementor-widget-spacer\" data-id=\"369fc34\" data-element_type=\"widget\" data-widget_type=\"spacer.default\">\n\t\t\t\t<div class=\"elementor-widget-container\">\n\t\t\t<style>\/*! elementor - v3.17.0 - 08-11-2023 *\/\n.elementor-column .elementor-spacer-inner{height:var(--spacer-size)}.e-con{--container-widget-width:100%}.e-con-inner>.elementor-widget-spacer,.e-con>.elementor-widget-spacer{width:var(--container-widget-width,var(--spacer-size));--align-self:var(--container-widget-align-self,initial);--flex-shrink:0}.e-con-inner>.elementor-widget-spacer>.elementor-widget-container,.e-con>.elementor-widget-spacer>.elementor-widget-container{height:100%;width:100%}.e-con-inner>.elementor-widget-spacer>.elementor-widget-container>.elementor-spacer,.e-con>.elementor-widget-spacer>.elementor-widget-container>.elementor-spacer{height:100%}.e-con-inner>.elementor-widget-spacer>.elementor-widget-container>.elementor-spacer>.elementor-spacer-inner,.e-con>.elementor-widget-spacer>.elementor-widget-container>.elementor-spacer>.elementor-spacer-inner{height:var(--container-widget-height,var(--spacer-size))}.e-con-inner>.elementor-widget-spacer.elementor-widget-empty,.e-con>.elementor-widget-spacer.elementor-widget-empty{position:relative;min-height:22px;min-width:22px}.e-con-inner>.elementor-widget-spacer.elementor-widget-empty .elementor-widget-empty-icon,.e-con>.elementor-widget-spacer.elementor-widget-empty .elementor-widget-empty-icon{position:absolute;top:0;bottom:0;left:0;right:0;margin:auto;padding:0;width:22px;height:22px}<\/style>\t\t<div class=\"elementor-spacer\">\n\t\t\t<div class=\"elementor-spacer-inner\"><\/div>\n\t\t<\/div>\n\t\t\t\t<\/div>\n\t\t\t\t<\/div>\n\t\t\t\t\t<\/div>\n\t\t<\/div>\n\t\t\t\t\t\t\t<\/div>\n\t\t<\/section>\n\t\t\t\t\t\t\t<\/div>\n\t\t","protected":false},"excerpt":{"rendered":"<p>Spinal Ekstradural T\u00fcm\u00f6rler Son 10 y\u0131l i\u00e7erisinde omurga t\u00fcm\u00f6rlerine yakla\u015f\u0131mlar konusunda dramatik de\u011fi\u015fiklikler meydana gelmi\u015f, bilgisayarl\u0131 tomografi ve manyetik rezonans g\u00f6r\u00fcnt\u00fclemenin yayg\u0131n olarak kullan\u0131lmas\u0131, cerrah\u0131n t\u00fcm\u00f6r\u00fc bir b\u00fct\u00fcn i\u00e7erisinde de\u011ferlendirmesine ve bunun sonucunda cerrahi yakla\u015f\u0131m\u0131 planlamas\u0131na, cerrahi sonras\u0131 gerekirse omurga rekonstruksiyonu yapmas\u0131na imkan sa\u011flam\u0131\u015ft\u0131r. Omurilik ve onunla ili\u015fkili t\u00fcm\u00f6rlerin yakla\u015f\u0131k d\u00f6rtte biri ekstradural, yar\u0131s\u0131 intradural [&hellip;]<\/p>\n","protected":false},"author":1,"featured_media":0,"parent":0,"menu_order":0,"comment_status":"closed","ping_status":"closed","template":"","meta":{"_acf_changed":false,"footnotes":""},"class_list":["post-17183","page","type-page","status-publish","hentry"],"acf":[],"yoast_head":"<!-- This site is optimized with the Yoast SEO plugin v23.7 - https:\/\/yoast.com\/wordpress\/plugins\/seo\/ -->\n<title>Spinal Ekstradural T\u00fcm\u00f6rler - Prof. Dr. Ali Kurtsoy<\/title>\n<meta name=\"robots\" content=\"index, follow, max-snippet:-1, max-image-preview:large, max-video-preview:-1\" \/>\n<link rel=\"canonical\" href=\"https:\/\/www.alikurtsoy.com\/index.php\/spinal-tumorler\/\" \/>\n<meta property=\"og:locale\" content=\"tr_TR\" \/>\n<meta property=\"og:type\" content=\"article\" \/>\n<meta property=\"og:title\" content=\"Spinal Ekstradural T\u00fcm\u00f6rler - Prof. Dr. Ali Kurtsoy\" \/>\n<meta property=\"og:description\" content=\"Spinal Ekstradural T\u00fcm\u00f6rler Son 10 y\u0131l i\u00e7erisinde omurga t\u00fcm\u00f6rlerine yakla\u015f\u0131mlar konusunda dramatik de\u011fi\u015fiklikler meydana gelmi\u015f, bilgisayarl\u0131 tomografi ve manyetik rezonans g\u00f6r\u00fcnt\u00fclemenin yayg\u0131n olarak kullan\u0131lmas\u0131, cerrah\u0131n t\u00fcm\u00f6r\u00fc bir b\u00fct\u00fcn i\u00e7erisinde de\u011ferlendirmesine ve bunun sonucunda cerrahi yakla\u015f\u0131m\u0131 planlamas\u0131na, cerrahi sonras\u0131 gerekirse omurga rekonstruksiyonu yapmas\u0131na imkan sa\u011flam\u0131\u015ft\u0131r. Omurilik ve onunla ili\u015fkili t\u00fcm\u00f6rlerin yakla\u015f\u0131k d\u00f6rtte biri ekstradural, yar\u0131s\u0131 intradural [&hellip;]\" \/>\n<meta property=\"og:url\" content=\"https:\/\/www.alikurtsoy.com\/index.php\/spinal-tumorler\/\" \/>\n<meta property=\"og:site_name\" content=\"Prof. Dr. Ali Kurtsoy\" \/>\n<meta property=\"article:publisher\" content=\"https:\/\/www.facebook.com\/ali.kurtsoy\" \/>\n<meta property=\"article:modified_time\" content=\"2022-10-08T19:04:08+00:00\" \/>\n<meta name=\"twitter:card\" content=\"summary_large_image\" \/>\n<meta name=\"twitter:label1\" content=\"Tahmini okuma s\u00fcresi\" \/>\n\t<meta name=\"twitter:data1\" content=\"3 dakika\" \/>\n<script type=\"application\/ld+json\" class=\"yoast-schema-graph\">{\"@context\":\"https:\/\/schema.org\",\"@graph\":[{\"@type\":\"WebPage\",\"@id\":\"https:\/\/www.alikurtsoy.com\/index.php\/spinal-tumorler\/\",\"url\":\"https:\/\/www.alikurtsoy.com\/index.php\/spinal-tumorler\/\",\"name\":\"Spinal Ekstradural T\u00fcm\u00f6rler - Prof. Dr. Ali Kurtsoy\",\"isPartOf\":{\"@id\":\"https:\/\/www.alikurtsoy.com\/#website\"},\"datePublished\":\"2022-09-16T04:44:47+00:00\",\"dateModified\":\"2022-10-08T19:04:08+00:00\",\"breadcrumb\":{\"@id\":\"https:\/\/www.alikurtsoy.com\/index.php\/spinal-tumorler\/#breadcrumb\"},\"inLanguage\":\"tr\",\"potentialAction\":[{\"@type\":\"ReadAction\",\"target\":[\"https:\/\/www.alikurtsoy.com\/index.php\/spinal-tumorler\/\"]}]},{\"@type\":\"BreadcrumbList\",\"@id\":\"https:\/\/www.alikurtsoy.com\/index.php\/spinal-tumorler\/#breadcrumb\",\"itemListElement\":[{\"@type\":\"ListItem\",\"position\":1,\"name\":\"Anasayfa\",\"item\":\"https:\/\/www.alikurtsoy.com\/\"},{\"@type\":\"ListItem\",\"position\":2,\"name\":\"Spinal Ekstradural T\u00fcm\u00f6rler\"}]},{\"@type\":\"WebSite\",\"@id\":\"https:\/\/www.alikurtsoy.com\/#website\",\"url\":\"https:\/\/www.alikurtsoy.com\/\",\"name\":\"Prof. Dr. Ali Kurtsoy\",\"description\":\"Beyin ve Sinir Cerrah\u0131\",\"publisher\":{\"@id\":\"https:\/\/www.alikurtsoy.com\/#organization\"},\"potentialAction\":[{\"@type\":\"SearchAction\",\"target\":{\"@type\":\"EntryPoint\",\"urlTemplate\":\"https:\/\/www.alikurtsoy.com\/?s={search_term_string}\"},\"query-input\":{\"@type\":\"PropertyValueSpecification\",\"valueRequired\":true,\"valueName\":\"search_term_string\"}}],\"inLanguage\":\"tr\"},{\"@type\":\"Organization\",\"@id\":\"https:\/\/www.alikurtsoy.com\/#organization\",\"name\":\"Prof. Dr. Ali Kurtsoy\",\"url\":\"https:\/\/www.alikurtsoy.com\/\",\"logo\":{\"@type\":\"ImageObject\",\"inLanguage\":\"tr\",\"@id\":\"https:\/\/www.alikurtsoy.com\/#\/schema\/logo\/image\/\",\"url\":\"https:\/\/www.alikurtsoy.com\/wp-content\/uploads\/2022\/10\/Untitled-6.png\",\"contentUrl\":\"https:\/\/www.alikurtsoy.com\/wp-content\/uploads\/2022\/10\/Untitled-6.png\",\"width\":1300,\"height\":400,\"caption\":\"Prof. Dr. Ali Kurtsoy\"},\"image\":{\"@id\":\"https:\/\/www.alikurtsoy.com\/#\/schema\/logo\/image\/\"},\"sameAs\":[\"https:\/\/www.facebook.com\/ali.kurtsoy\",\"https:\/\/www.instagram.com\/alikurtsoy\/\",\"https:\/\/www.youtube.com\/channel\/UC7q7xjMiuXYWE81uL76llUg\"]}]}<\/script>\n<!-- \/ Yoast SEO plugin. -->","yoast_head_json":{"title":"Spinal Ekstradural T\u00fcm\u00f6rler - Prof. Dr. Ali Kurtsoy","robots":{"index":"index","follow":"follow","max-snippet":"max-snippet:-1","max-image-preview":"max-image-preview:large","max-video-preview":"max-video-preview:-1"},"canonical":"https:\/\/www.alikurtsoy.com\/index.php\/spinal-tumorler\/","og_locale":"tr_TR","og_type":"article","og_title":"Spinal Ekstradural T\u00fcm\u00f6rler - Prof. Dr. Ali Kurtsoy","og_description":"Spinal Ekstradural T\u00fcm\u00f6rler Son 10 y\u0131l i\u00e7erisinde omurga t\u00fcm\u00f6rlerine yakla\u015f\u0131mlar konusunda dramatik de\u011fi\u015fiklikler meydana gelmi\u015f, bilgisayarl\u0131 tomografi ve manyetik rezonans g\u00f6r\u00fcnt\u00fclemenin yayg\u0131n olarak kullan\u0131lmas\u0131, cerrah\u0131n t\u00fcm\u00f6r\u00fc bir b\u00fct\u00fcn i\u00e7erisinde de\u011ferlendirmesine ve bunun sonucunda cerrahi yakla\u015f\u0131m\u0131 planlamas\u0131na, cerrahi sonras\u0131 gerekirse omurga rekonstruksiyonu yapmas\u0131na imkan sa\u011flam\u0131\u015ft\u0131r. Omurilik ve onunla ili\u015fkili t\u00fcm\u00f6rlerin yakla\u015f\u0131k d\u00f6rtte biri ekstradural, yar\u0131s\u0131 intradural [&hellip;]","og_url":"https:\/\/www.alikurtsoy.com\/index.php\/spinal-tumorler\/","og_site_name":"Prof. Dr. Ali Kurtsoy","article_publisher":"https:\/\/www.facebook.com\/ali.kurtsoy","article_modified_time":"2022-10-08T19:04:08+00:00","twitter_card":"summary_large_image","twitter_misc":{"Tahmini okuma s\u00fcresi":"3 dakika"},"schema":{"@context":"https:\/\/schema.org","@graph":[{"@type":"WebPage","@id":"https:\/\/www.alikurtsoy.com\/index.php\/spinal-tumorler\/","url":"https:\/\/www.alikurtsoy.com\/index.php\/spinal-tumorler\/","name":"Spinal Ekstradural T\u00fcm\u00f6rler - Prof. Dr. Ali Kurtsoy","isPartOf":{"@id":"https:\/\/www.alikurtsoy.com\/#website"},"datePublished":"2022-09-16T04:44:47+00:00","dateModified":"2022-10-08T19:04:08+00:00","breadcrumb":{"@id":"https:\/\/www.alikurtsoy.com\/index.php\/spinal-tumorler\/#breadcrumb"},"inLanguage":"tr","potentialAction":[{"@type":"ReadAction","target":["https:\/\/www.alikurtsoy.com\/index.php\/spinal-tumorler\/"]}]},{"@type":"BreadcrumbList","@id":"https:\/\/www.alikurtsoy.com\/index.php\/spinal-tumorler\/#breadcrumb","itemListElement":[{"@type":"ListItem","position":1,"name":"Anasayfa","item":"https:\/\/www.alikurtsoy.com\/"},{"@type":"ListItem","position":2,"name":"Spinal Ekstradural T\u00fcm\u00f6rler"}]},{"@type":"WebSite","@id":"https:\/\/www.alikurtsoy.com\/#website","url":"https:\/\/www.alikurtsoy.com\/","name":"Prof. Dr. Ali Kurtsoy","description":"Beyin ve Sinir Cerrah\u0131","publisher":{"@id":"https:\/\/www.alikurtsoy.com\/#organization"},"potentialAction":[{"@type":"SearchAction","target":{"@type":"EntryPoint","urlTemplate":"https:\/\/www.alikurtsoy.com\/?s={search_term_string}"},"query-input":{"@type":"PropertyValueSpecification","valueRequired":true,"valueName":"search_term_string"}}],"inLanguage":"tr"},{"@type":"Organization","@id":"https:\/\/www.alikurtsoy.com\/#organization","name":"Prof. Dr. Ali Kurtsoy","url":"https:\/\/www.alikurtsoy.com\/","logo":{"@type":"ImageObject","inLanguage":"tr","@id":"https:\/\/www.alikurtsoy.com\/#\/schema\/logo\/image\/","url":"https:\/\/www.alikurtsoy.com\/wp-content\/uploads\/2022\/10\/Untitled-6.png","contentUrl":"https:\/\/www.alikurtsoy.com\/wp-content\/uploads\/2022\/10\/Untitled-6.png","width":1300,"height":400,"caption":"Prof. Dr. Ali Kurtsoy"},"image":{"@id":"https:\/\/www.alikurtsoy.com\/#\/schema\/logo\/image\/"},"sameAs":["https:\/\/www.facebook.com\/ali.kurtsoy","https:\/\/www.instagram.com\/alikurtsoy\/","https:\/\/www.youtube.com\/channel\/UC7q7xjMiuXYWE81uL76llUg"]}]}},"_links":{"self":[{"href":"https:\/\/www.alikurtsoy.com\/index.php\/wp-json\/wp\/v2\/pages\/17183"}],"collection":[{"href":"https:\/\/www.alikurtsoy.com\/index.php\/wp-json\/wp\/v2\/pages"}],"about":[{"href":"https:\/\/www.alikurtsoy.com\/index.php\/wp-json\/wp\/v2\/types\/page"}],"author":[{"embeddable":true,"href":"https:\/\/www.alikurtsoy.com\/index.php\/wp-json\/wp\/v2\/users\/1"}],"replies":[{"embeddable":true,"href":"https:\/\/www.alikurtsoy.com\/index.php\/wp-json\/wp\/v2\/comments?post=17183"}],"version-history":[{"count":12,"href":"https:\/\/www.alikurtsoy.com\/index.php\/wp-json\/wp\/v2\/pages\/17183\/revisions"}],"predecessor-version":[{"id":17510,"href":"https:\/\/www.alikurtsoy.com\/index.php\/wp-json\/wp\/v2\/pages\/17183\/revisions\/17510"}],"wp:attachment":[{"href":"https:\/\/www.alikurtsoy.com\/index.php\/wp-json\/wp\/v2\/media?parent=17183"}],"curies":[{"name":"wp","href":"https:\/\/api.w.org\/{rel}","templated":true}]}}