{"id":2250,"date":"2021-12-03T10:06:54","date_gmt":"2021-12-03T10:06:54","guid":{"rendered":"https:\/\/medicate.peacefulqode.com\/?page_id=2250"},"modified":"2022-09-16T09:36:13","modified_gmt":"2022-09-16T09:36:13","slug":"right-sidebar","status":"publish","type":"page","link":"https:\/\/www.alikurtsoy.com\/index.php\/right-sidebar\/","title":{"rendered":"Right Sidebar"},"content":{"rendered":"\t\t<div data-elementor-type=\"wp-page\" data-elementor-id=\"2250\" class=\"elementor elementor-2250\">\n\t\t\t\t\t\t\t\t\t<div class=\"elementor-section elementor-top-section elementor-element elementor-element-b51eb5a elementor-section-full_width elementor-section-stretched elementor-section-height-default elementor-section-height-default\" data-id=\"b51eb5a\" data-element_type=\"section\" data-settings=\"{&quot;stretch_section&quot;:&quot;section-stretched&quot;}\">\n\t\t\t\t\t\t<div class=\"elementor-container elementor-column-gap-default\">\n\t\t\t\t\t<div class=\"elementor-column elementor-col-100 elementor-top-column elementor-element elementor-element-47a23eb\" data-id=\"47a23eb\" data-element_type=\"column\">\n\t\t\t<div class=\"elementor-widget-wrap elementor-element-populated\">\n\t\t\t\t\t\t\t\t<div class=\"elementor-section elementor-inner-section elementor-element elementor-element-7a3c6f1 elementor-section-boxed elementor-section-height-default elementor-section-height-default\" data-id=\"7a3c6f1\" data-element_type=\"section\">\n\t\t\t\t\t\t<div class=\"elementor-container elementor-column-gap-default\">\n\t\t\t\t\t<div class=\"elementor-column elementor-col-66 elementor-inner-column elementor-element elementor-element-0416907\" data-id=\"0416907\" data-element_type=\"column\">\n\t\t\t<div class=\"elementor-widget-wrap elementor-element-populated\">\n\t\t\t\t\t\t\t\t<div class=\"elementor-element elementor-element-ab448da elementor-widget elementor-widget-blog\" data-id=\"ab448da\" data-element_type=\"widget\" data-widget_type=\"blog.default\">\n\t\t\t\t<div class=\"elementor-widget-container\">\n\t\t\t<div class=\"pt-blog pt-blog-col-2\">\r\n  <div class=\"row\">\r\n\r\n      <\/div>\r\n<\/div>\t\t<\/div>\n\t\t\t\t<\/div>\n\t\t\t\t\t<\/div>\n\t\t<\/div>\n\t\t\t\t<div class=\"elementor-column elementor-col-33 elementor-inner-column elementor-element elementor-element-77259fb\" data-id=\"77259fb\" data-element_type=\"column\">\n\t\t\t<div class=\"elementor-widget-wrap elementor-element-populated\">\n\t\t\t\t\t\t\t\t<div class=\"elementor-element elementor-element-cf7b9a2 elementor-widget elementor-widget-sidebar\" data-id=\"cf7b9a2\" data-element_type=\"widget\" data-widget_type=\"sidebar.default\">\n\t\t\t\t<div class=\"elementor-widget-container\">\n\t\t\t<div id=\"block-6\" class=\"widget widget_block\">\n<div class=\"wp-block-group\"><div class=\"wp-block-group__inner-container\">\n<h2 class=\"wp-block-heading\">Blog Kategorileri<\/h2>\n\n\n<ul class=\"wp-block-categories-list wp-block-categories\"><li class=\"cat-item-none\">Kategori yok<\/li><\/ul><\/div><\/div>\n<\/div>\r\n\t\t<div class=\"pt-widget-menu widget\">\r\n\r\n\t\t\t<h2 class=\"widget-title\">Son Bloglar<\/h2>\r\n\t\t\t\r\n\t\t\t<\/div>\r\n\r\n\t\t\t\t\t<\/div>\n\t\t\t\t<\/div>\n\t\t\t\t\t<\/div>\n\t\t<\/div>\n\t\t\t\t\t\t\t<\/div>\n\t\t<\/div>\n\t\t\t\t\t<\/div>\n\t\t<\/div>\n\t\t\t\t\t\t\t<\/div>\n\t\t<\/div>\n\t\t\t\t\t\t\t<\/div>\n\t\t","protected":false},"excerpt":{"rendered":"<p>Eyl\u00fcl 16, 2022 admin 0 Comments Araknoid Kistler Araknoid Kistler Araknoid kistler ve n\u00f6roepiteliyal kistler BOS ak\u0131m\u0131n\u0131 bozabilen kitle lezyonlar\u0131ndan sonra en s\u0131k g\u00f6r\u00fclen lezyonlar\u0131 olu\u015ftururlar. Bu kistlerle en s\u0131k olarak kar\u015f\u0131la\u015f\u0131lan yerler, suprasellar b\u00f6lge, foramen magnum ve posterior fossa ve silviyan fiss\u00fcr ve \u00e7evresidir.Araknoid kistler, intraaraknoidal bir patolojidir. Etiyolojik neden olarak valv mekanizmas\u0131, y\u00fczey [&hellip;]<\/p>\n","protected":false},"author":1,"featured_media":0,"parent":0,"menu_order":0,"comment_status":"closed","ping_status":"closed","template":"","meta":{"_acf_changed":false,"footnotes":""},"class_list":["post-2250","page","type-page","status-publish","hentry"],"acf":[],"yoast_head":"<!-- This site is optimized with the Yoast SEO plugin v23.7 - https:\/\/yoast.com\/wordpress\/plugins\/seo\/ -->\n<title>Right Sidebar - Prof. Dr. Ali Kurtsoy<\/title>\n<meta name=\"robots\" content=\"index, follow, max-snippet:-1, max-image-preview:large, max-video-preview:-1\" \/>\n<link rel=\"canonical\" href=\"https:\/\/www.alikurtsoy.com\/index.php\/right-sidebar\/\" \/>\n<meta property=\"og:locale\" content=\"tr_TR\" \/>\n<meta property=\"og:type\" content=\"article\" \/>\n<meta property=\"og:title\" content=\"Right Sidebar - Prof. Dr. Ali Kurtsoy\" \/>\n<meta property=\"og:description\" content=\"Eyl\u00fcl 16, 2022 admin 0 Comments Araknoid Kistler Araknoid Kistler Araknoid kistler ve n\u00f6roepiteliyal kistler BOS ak\u0131m\u0131n\u0131 bozabilen kitle lezyonlar\u0131ndan sonra en s\u0131k g\u00f6r\u00fclen lezyonlar\u0131 olu\u015ftururlar. Bu kistlerle en s\u0131k olarak kar\u015f\u0131la\u015f\u0131lan yerler, suprasellar b\u00f6lge, foramen magnum ve posterior fossa ve silviyan fiss\u00fcr ve \u00e7evresidir.Araknoid kistler, intraaraknoidal bir patolojidir. Etiyolojik neden olarak valv mekanizmas\u0131, y\u00fczey [&hellip;]\" \/>\n<meta property=\"og:url\" content=\"https:\/\/www.alikurtsoy.com\/index.php\/right-sidebar\/\" \/>\n<meta property=\"og:site_name\" content=\"Prof. Dr. Ali Kurtsoy\" \/>\n<meta property=\"article:publisher\" content=\"https:\/\/www.facebook.com\/ali.kurtsoy\" \/>\n<meta property=\"article:modified_time\" content=\"2022-09-16T09:36:13+00:00\" \/>\n<meta property=\"og:image\" content=\"http:\/\/alikurtsoy.com\/wp-content\/uploads\/2022\/09\/depositphotos_103022180-stock-photo-magnetic-resonance-imaging-1.jpg\" \/>\n<meta name=\"twitter:card\" content=\"summary_large_image\" \/>\n<meta name=\"twitter:label1\" content=\"Tahmini okuma s\u00fcresi\" \/>\n\t<meta name=\"twitter:data1\" content=\"1 dakika\" \/>\n<script type=\"application\/ld+json\" class=\"yoast-schema-graph\">{\"@context\":\"https:\/\/schema.org\",\"@graph\":[{\"@type\":\"WebPage\",\"@id\":\"https:\/\/www.alikurtsoy.com\/index.php\/right-sidebar\/\",\"url\":\"https:\/\/www.alikurtsoy.com\/index.php\/right-sidebar\/\",\"name\":\"Right Sidebar - Prof. Dr. Ali Kurtsoy\",\"isPartOf\":{\"@id\":\"https:\/\/www.alikurtsoy.com\/#website\"},\"primaryImageOfPage\":{\"@id\":\"https:\/\/www.alikurtsoy.com\/index.php\/right-sidebar\/#primaryimage\"},\"image\":{\"@id\":\"https:\/\/www.alikurtsoy.com\/index.php\/right-sidebar\/#primaryimage\"},\"thumbnailUrl\":\"http:\/\/alikurtsoy.com\/wp-content\/uploads\/2022\/09\/depositphotos_103022180-stock-photo-magnetic-resonance-imaging-1.jpg\",\"datePublished\":\"2021-12-03T10:06:54+00:00\",\"dateModified\":\"2022-09-16T09:36:13+00:00\",\"breadcrumb\":{\"@id\":\"https:\/\/www.alikurtsoy.com\/index.php\/right-sidebar\/#breadcrumb\"},\"inLanguage\":\"tr\",\"potentialAction\":[{\"@type\":\"ReadAction\",\"target\":[\"https:\/\/www.alikurtsoy.com\/index.php\/right-sidebar\/\"]}]},{\"@type\":\"ImageObject\",\"inLanguage\":\"tr\",\"@id\":\"https:\/\/www.alikurtsoy.com\/index.php\/right-sidebar\/#primaryimage\",\"url\":\"http:\/\/alikurtsoy.com\/wp-content\/uploads\/2022\/09\/depositphotos_103022180-stock-photo-magnetic-resonance-imaging-1.jpg\",\"contentUrl\":\"http:\/\/alikurtsoy.com\/wp-content\/uploads\/2022\/09\/depositphotos_103022180-stock-photo-magnetic-resonance-imaging-1.jpg\"},{\"@type\":\"BreadcrumbList\",\"@id\":\"https:\/\/www.alikurtsoy.com\/index.php\/right-sidebar\/#breadcrumb\",\"itemListElement\":[{\"@type\":\"ListItem\",\"position\":1,\"name\":\"Anasayfa\",\"item\":\"https:\/\/www.alikurtsoy.com\/\"},{\"@type\":\"ListItem\",\"position\":2,\"name\":\"Right Sidebar\"}]},{\"@type\":\"WebSite\",\"@id\":\"https:\/\/www.alikurtsoy.com\/#website\",\"url\":\"https:\/\/www.alikurtsoy.com\/\",\"name\":\"Prof. Dr. Ali Kurtsoy\",\"description\":\"Beyin ve Sinir Cerrah\u0131\",\"publisher\":{\"@id\":\"https:\/\/www.alikurtsoy.com\/#organization\"},\"potentialAction\":[{\"@type\":\"SearchAction\",\"target\":{\"@type\":\"EntryPoint\",\"urlTemplate\":\"https:\/\/www.alikurtsoy.com\/?s={search_term_string}\"},\"query-input\":{\"@type\":\"PropertyValueSpecification\",\"valueRequired\":true,\"valueName\":\"search_term_string\"}}],\"inLanguage\":\"tr\"},{\"@type\":\"Organization\",\"@id\":\"https:\/\/www.alikurtsoy.com\/#organization\",\"name\":\"Prof. Dr. Ali Kurtsoy\",\"url\":\"https:\/\/www.alikurtsoy.com\/\",\"logo\":{\"@type\":\"ImageObject\",\"inLanguage\":\"tr\",\"@id\":\"https:\/\/www.alikurtsoy.com\/#\/schema\/logo\/image\/\",\"url\":\"https:\/\/www.alikurtsoy.com\/wp-content\/uploads\/2022\/10\/Untitled-6.png\",\"contentUrl\":\"https:\/\/www.alikurtsoy.com\/wp-content\/uploads\/2022\/10\/Untitled-6.png\",\"width\":1300,\"height\":400,\"caption\":\"Prof. Dr. Ali Kurtsoy\"},\"image\":{\"@id\":\"https:\/\/www.alikurtsoy.com\/#\/schema\/logo\/image\/\"},\"sameAs\":[\"https:\/\/www.facebook.com\/ali.kurtsoy\",\"https:\/\/www.instagram.com\/alikurtsoy\/\",\"https:\/\/www.youtube.com\/channel\/UC7q7xjMiuXYWE81uL76llUg\"]}]}<\/script>\n<!-- \/ Yoast SEO plugin. -->","yoast_head_json":{"title":"Right Sidebar - Prof. Dr. Ali Kurtsoy","robots":{"index":"index","follow":"follow","max-snippet":"max-snippet:-1","max-image-preview":"max-image-preview:large","max-video-preview":"max-video-preview:-1"},"canonical":"https:\/\/www.alikurtsoy.com\/index.php\/right-sidebar\/","og_locale":"tr_TR","og_type":"article","og_title":"Right Sidebar - Prof. Dr. Ali Kurtsoy","og_description":"Eyl\u00fcl 16, 2022 admin 0 Comments Araknoid Kistler Araknoid Kistler Araknoid kistler ve n\u00f6roepiteliyal kistler BOS ak\u0131m\u0131n\u0131 bozabilen kitle lezyonlar\u0131ndan sonra en s\u0131k g\u00f6r\u00fclen lezyonlar\u0131 olu\u015ftururlar. Bu kistlerle en s\u0131k olarak kar\u015f\u0131la\u015f\u0131lan yerler, suprasellar b\u00f6lge, foramen magnum ve posterior fossa ve silviyan fiss\u00fcr ve \u00e7evresidir.Araknoid kistler, intraaraknoidal bir patolojidir. Etiyolojik neden olarak valv mekanizmas\u0131, y\u00fczey [&hellip;]","og_url":"https:\/\/www.alikurtsoy.com\/index.php\/right-sidebar\/","og_site_name":"Prof. Dr. Ali Kurtsoy","article_publisher":"https:\/\/www.facebook.com\/ali.kurtsoy","article_modified_time":"2022-09-16T09:36:13+00:00","og_image":[{"url":"http:\/\/alikurtsoy.com\/wp-content\/uploads\/2022\/09\/depositphotos_103022180-stock-photo-magnetic-resonance-imaging-1.jpg"}],"twitter_card":"summary_large_image","twitter_misc":{"Tahmini okuma s\u00fcresi":"1 dakika"},"schema":{"@context":"https:\/\/schema.org","@graph":[{"@type":"WebPage","@id":"https:\/\/www.alikurtsoy.com\/index.php\/right-sidebar\/","url":"https:\/\/www.alikurtsoy.com\/index.php\/right-sidebar\/","name":"Right Sidebar - Prof. Dr. Ali Kurtsoy","isPartOf":{"@id":"https:\/\/www.alikurtsoy.com\/#website"},"primaryImageOfPage":{"@id":"https:\/\/www.alikurtsoy.com\/index.php\/right-sidebar\/#primaryimage"},"image":{"@id":"https:\/\/www.alikurtsoy.com\/index.php\/right-sidebar\/#primaryimage"},"thumbnailUrl":"http:\/\/alikurtsoy.com\/wp-content\/uploads\/2022\/09\/depositphotos_103022180-stock-photo-magnetic-resonance-imaging-1.jpg","datePublished":"2021-12-03T10:06:54+00:00","dateModified":"2022-09-16T09:36:13+00:00","breadcrumb":{"@id":"https:\/\/www.alikurtsoy.com\/index.php\/right-sidebar\/#breadcrumb"},"inLanguage":"tr","potentialAction":[{"@type":"ReadAction","target":["https:\/\/www.alikurtsoy.com\/index.php\/right-sidebar\/"]}]},{"@type":"ImageObject","inLanguage":"tr","@id":"https:\/\/www.alikurtsoy.com\/index.php\/right-sidebar\/#primaryimage","url":"http:\/\/alikurtsoy.com\/wp-content\/uploads\/2022\/09\/depositphotos_103022180-stock-photo-magnetic-resonance-imaging-1.jpg","contentUrl":"http:\/\/alikurtsoy.com\/wp-content\/uploads\/2022\/09\/depositphotos_103022180-stock-photo-magnetic-resonance-imaging-1.jpg"},{"@type":"BreadcrumbList","@id":"https:\/\/www.alikurtsoy.com\/index.php\/right-sidebar\/#breadcrumb","itemListElement":[{"@type":"ListItem","position":1,"name":"Anasayfa","item":"https:\/\/www.alikurtsoy.com\/"},{"@type":"ListItem","position":2,"name":"Right Sidebar"}]},{"@type":"WebSite","@id":"https:\/\/www.alikurtsoy.com\/#website","url":"https:\/\/www.alikurtsoy.com\/","name":"Prof. Dr. Ali Kurtsoy","description":"Beyin ve Sinir Cerrah\u0131","publisher":{"@id":"https:\/\/www.alikurtsoy.com\/#organization"},"potentialAction":[{"@type":"SearchAction","target":{"@type":"EntryPoint","urlTemplate":"https:\/\/www.alikurtsoy.com\/?s={search_term_string}"},"query-input":{"@type":"PropertyValueSpecification","valueRequired":true,"valueName":"search_term_string"}}],"inLanguage":"tr"},{"@type":"Organization","@id":"https:\/\/www.alikurtsoy.com\/#organization","name":"Prof. Dr. Ali Kurtsoy","url":"https:\/\/www.alikurtsoy.com\/","logo":{"@type":"ImageObject","inLanguage":"tr","@id":"https:\/\/www.alikurtsoy.com\/#\/schema\/logo\/image\/","url":"https:\/\/www.alikurtsoy.com\/wp-content\/uploads\/2022\/10\/Untitled-6.png","contentUrl":"https:\/\/www.alikurtsoy.com\/wp-content\/uploads\/2022\/10\/Untitled-6.png","width":1300,"height":400,"caption":"Prof. Dr. Ali Kurtsoy"},"image":{"@id":"https:\/\/www.alikurtsoy.com\/#\/schema\/logo\/image\/"},"sameAs":["https:\/\/www.facebook.com\/ali.kurtsoy","https:\/\/www.instagram.com\/alikurtsoy\/","https:\/\/www.youtube.com\/channel\/UC7q7xjMiuXYWE81uL76llUg"]}]}},"_links":{"self":[{"href":"https:\/\/www.alikurtsoy.com\/index.php\/wp-json\/wp\/v2\/pages\/2250"}],"collection":[{"href":"https:\/\/www.alikurtsoy.com\/index.php\/wp-json\/wp\/v2\/pages"}],"about":[{"href":"https:\/\/www.alikurtsoy.com\/index.php\/wp-json\/wp\/v2\/types\/page"}],"author":[{"embeddable":true,"href":"https:\/\/www.alikurtsoy.com\/index.php\/wp-json\/wp\/v2\/users\/1"}],"replies":[{"embeddable":true,"href":"https:\/\/www.alikurtsoy.com\/index.php\/wp-json\/wp\/v2\/comments?post=2250"}],"version-history":[{"count":18,"href":"https:\/\/www.alikurtsoy.com\/index.php\/wp-json\/wp\/v2\/pages\/2250\/revisions"}],"predecessor-version":[{"id":17306,"href":"https:\/\/www.alikurtsoy.com\/index.php\/wp-json\/wp\/v2\/pages\/2250\/revisions\/17306"}],"wp:attachment":[{"href":"https:\/\/www.alikurtsoy.com\/index.php\/wp-json\/wp\/v2\/media?parent=2250"}],"curies":[{"name":"wp","href":"https:\/\/api.w.org\/{rel}","templated":true}]}}